{"id":43125,"date":"2026-03-05T21:40:22","date_gmt":"2026-03-05T20:40:22","guid":{"rendered":"https:\/\/drvet.si\/?post_type=product&#038;p=43125"},"modified":"2026-03-05T21:41:02","modified_gmt":"2026-03-05T20:41:02","slug":"dibaq-sense-losos-in-puran-za-pasje-mladice-12-kg","status":"publish","type":"product","link":"https:\/\/drvet.si\/en\/product\/dibaq-sense-losos-in-puran-za-pasje-mladice-12-kg\/","title":{"rendered":"Dibaq Sense losos in puran za pasje mladi\u010de &#8211; 12 kg"},"content":{"rendered":"<div data-elementor-type=\"wp-post\" data-elementor-id=\"43125\" class=\"elementor elementor-43125\">\n\t\t\t\t<div class=\"elementor-element elementor-element-4c9f20d9 e-flex e-con-boxed e-con e-parent\" data-id=\"4c9f20d9\" data-element_type=\"container\" data-e-type=\"container\">\n\t\t\t\t\t<div class=\"e-con-inner\">\n\t\t\t\t<div class=\"hf-elementor-layout elementor-element elementor-element-dfb5ad7 elementor-widget elementor-widget-text-editor\" data-id=\"dfb5ad7\" data-element_type=\"widget\" data-e-type=\"widget\" data-widget_type=\"text-editor.default\">\n\t\t\t\t<div class=\"elementor-widget-container\">\n\t\t\t\t\t\t\t\t\t<p class=\"first:mt-1.5! custom-cursor-default-hover\">Dibaq Sense Puppy Salmon &amp; Turkey je hipoalergena hrana brez \u017eit, zasnovana za mladi\u010de vseh pasem od prvega meseca \u017eivljenja do starosti 12\u201318 mesecev, primerna pa je tudi za breje in doje\u010de sami\u010dke. Receptura temelji na sve\u017eem lososu in puranjem mesu, ki sta prvotno primerna za prehrano ljudi. To zagotavlja ustrezne ravni beljakovin z visoko biolo\u0161ko vrednostjo, ki so klju\u010dne za pravilno rast ter uravnote\u017een razvoj mladi\u010dev.<\/p>\n<p class=\"first:mt-1.5! custom-cursor-default-hover\">V obroku so zdru\u017eene skrbno izbrane naravne sestavine: sve\u017e losos in puran ter krompir, grah, sladki krompir, korenje in jabolka. Ta kombinacija je zasnovana tako, da podpira optimalno rast in spodbuja pravilen razvoj. Hrana je del ekskluzivne hipoalergene linije Dibaq Sense, ki temelji na 100 % naravnih sestavinah visoke kakovosti. Vse sestavine so prvotno primerne za prehrano ljudi.<\/p>\t\t\t\t\t\t\t\t<\/div>\n\t\t\t\t<\/div>\n\t\t\t\t\t<\/div>\n\t\t\t\t<\/div>\n\t\t\t\t<\/div>","protected":false},"excerpt":{"rendered":"<p>Hipoalergena hrana brez \u017eit Dibaq Sense z lososom in puranom je namenjena pasjim mladi\u010dem vseh pasem od prvega meseca starosti do 12\u201318 mesecev ter brejim in doje\u010dim sami\u010dkam. Pripravljena je iz sve\u017eega lososa in puranjega mesa, ki sta prvotno primerna za prehrano ljudi, zato zagotavlja ustrezne ravni beljakovin z visoko biolo\u0161ko vrednostjo, pomembnih za pravilno rast in razvoj. Receptura vklju\u010duje tudi skrbno izbrane naravne sestavine, kot so krompir, grah, sladki krompir, korenje in jabolka.<\/p>","protected":false},"featured_media":41682,"comment_status":"open","ping_status":"closed","template":"","meta":{"_acf_changed":false,"advanced_seo_description":"","jetpack_seo_html_title":"","jetpack_seo_noindex":false,"jetpack_publicize_message":"","jetpack_publicize_feature_enabled":true,"jetpack_social_post_already_shared":true,"jetpack_social_options":{"image_generator_settings":{"template":"highway","default_image_id":0,"font":"","enabled":false},"version":2},"_wpas_customize_per_network":false},"product_brand":[1507],"product_cat":[1480,1481],"product_tag":[1483],"class_list":{"0":"post-43125","1":"product","2":"type-product","3":"status-publish","4":"has-post-thumbnail","6":"product_brand-dibaq-sense","7":"product_cat-hrana","8":"product_cat-hrana-za-pse","9":"product_tag-hrana-za-pse","11":"first","12":"onbackorder","13":"taxable","14":"shipping-taxable","15":"purchasable","16":"product-type-simple"},"acf":[],"jetpack_publicize_connections":[],"jetpack_likes_enabled":true,"jetpack_sharing_enabled":true,"_links":{"self":[{"href":"https:\/\/drvet.si\/en\/wp-json\/wp\/v2\/product\/43125","targetHints":{"allow":["GET"]}}],"collection":[{"href":"https:\/\/drvet.si\/en\/wp-json\/wp\/v2\/product"}],"about":[{"href":"https:\/\/drvet.si\/en\/wp-json\/wp\/v2\/types\/product"}],"replies":[{"embeddable":true,"href":"https:\/\/drvet.si\/en\/wp-json\/wp\/v2\/comments?post=43125"}],"version-history":[{"count":1,"href":"https:\/\/drvet.si\/en\/wp-json\/wp\/v2\/product\/43125\/revisions"}],"predecessor-version":[{"id":43126,"href":"https:\/\/drvet.si\/en\/wp-json\/wp\/v2\/product\/43125\/revisions\/43126"}],"wp:featuredmedia":[{"embeddable":true,"href":"https:\/\/drvet.si\/en\/wp-json\/wp\/v2\/media\/41682"}],"wp:attachment":[{"href":"https:\/\/drvet.si\/en\/wp-json\/wp\/v2\/media?parent=43125"}],"wp:term":[{"taxonomy":"product_brand","embeddable":true,"href":"https:\/\/drvet.si\/en\/wp-json\/wp\/v2\/product_brand?post=43125"},{"taxonomy":"product_cat","embeddable":true,"href":"https:\/\/drvet.si\/en\/wp-json\/wp\/v2\/product_cat?post=43125"},{"taxonomy":"product_tag","embeddable":true,"href":"https:\/\/drvet.si\/en\/wp-json\/wp\/v2\/product_tag?post=43125"}],"curies":[{"name":"wp","href":"https:\/\/api.w.org\/{rel}","templated":true}]}}