{"id":43032,"date":"2026-03-05T14:14:02","date_gmt":"2026-03-05T13:14:02","guid":{"rendered":"https:\/\/drvet.si\/?post_type=product&#038;p=43032"},"modified":"2026-03-05T14:27:55","modified_gmt":"2026-03-05T13:27:55","slug":"dibaq-sense-low-grain-piscanec-light-senior-2-kg","status":"publish","type":"product","link":"https:\/\/drvet.si\/en\/product\/dibaq-sense-low-grain-piscanec-light-senior-2-kg\/","title":{"rendered":"Dibaq Sense Low Grain pi\u0161\u010danec, Light &#038; Senior &#8211; 2 kg"},"content":{"rendered":"\t\t<div data-elementor-type=\"wp-post\" data-elementor-id=\"43032\" class=\"elementor elementor-43032\">\n\t\t\t\t<div class=\"elementor-element elementor-element-4c9f20d9 e-con-full e-flex e-con e-parent\" data-id=\"4c9f20d9\" data-element_type=\"container\" data-e-type=\"container\">\n\t\t\t\t<div class=\"hf-elementor-layout elementor-element elementor-element-dfb5ad7 elementor-widget elementor-widget-text-editor\" data-id=\"dfb5ad7\" data-element_type=\"widget\" data-e-type=\"widget\" data-widget_type=\"text-editor.default\">\n\t\t\t\t<div class=\"elementor-widget-container\">\n\t\t\t\t\t\t\t\t\t<div class=\"px-8 [@media(max-width:1250px)]:px-[10px] [@media(max-width:1250px)]:max-w-[800px] max-w-[945px] group relative mx-auto flex gap-[9px] rounded-xl mt-2.5 py-3 custom-cursor-default-hover\"><div class=\"flex-1 relative \"><div class=\"flex\"><div class=\"relative min-w-12 grow custom-cursor-default-hover\"><div class=\"relative ml-0.5 max-w-full\" data-id=\"text-isUser-false\"><div data-id=\"textUse\"><div class=\" prose dark:prose-invert markdown \" dir=\"auto\" data-gramm=\"false\"><p class=\"first:mt-1.5! custom-cursor-default-hover\">Dibaq Sense Low Grain Light &amp; Senior Chicken je monoproteinska hrana s sve\u017eim pi\u0161\u010dan\u010djim mesom in ri\u017eem, zasnovana za starej\u0161e pse in pse s prekomerno telesno te\u017eo, ki potrebujejo prehrano z zmanj\u0161ano energijsko gostoto. Receptura je pripravljena tako, da podpira vzdr\u017eevanje zdrave telesne te\u017ee in dobro po\u010dutje v zrelej\u0161em \u017eivljenjskem obdobju.<\/p><p class=\"first:mt-1.5! custom-cursor-default-hover\">Sve\u017ee pi\u0161\u010dan\u010dje meso zagotavlja visoko raven kakovostnih beljakovin in izredno dobro prebavljivost, kar je posebej pomembno pri psih z ob\u010dutljivej\u0161im prebavnim sistemom ali zmanj\u0161ano aktivnostjo. Visoka vsebnost omega-6 ma\u0161\u010dobnih kislin prispeva k zdravemu videzu ko\u017ee in sijo\u010demu ko\u017euhu. Ri\u017e v recepturi predstavlja pomemben vir vlaknin ter vsebuje vitamin D in \u017eelezo.<\/p><p class=\"first:mt-1.5! custom-cursor-default-hover\">Kombinacija skrbno izbranih naravnih sestavin je prilagojena potrebam psov, pri katerih je cilj nadzorovan energijski vnos, ob tem pa zagotavljanje ustrezne prehranske podpore za vsakodnevno dobro po\u010dutje.<\/p><\/div><\/div><\/div><\/div><\/div><\/div><\/div>\t\t\t\t\t\t\t\t<\/div>\n\t\t\t\t<\/div>\n\t\t\t\t<\/div>\n\t\t\t\t<\/div>\n\t\t","protected":false},"excerpt":{"rendered":"<p>Dibaq Sense Low Grain Light &amp; Senior Chicken je okusna monoproteinska hrana s sve\u017eim pi\u0161\u010dan\u010djim mesom in ri\u017eem, namenjena starej\u0161im psom ter psom s prekomerno telesno te\u017eo, ki potrebujejo prehrano z zmanj\u0161ano energijsko gostoto. Sve\u017ee pi\u0161\u010dan\u010dje meso zagotavlja kakovostne beljakovine in dobro prebavljivost, omega-6 ma\u0161\u010dobne kisline pa prispevajo k zdravemu in sijo\u010demu ko\u017euhu. Dodan ri\u017e je vir vlaknin, vitamina D in \u017eeleza.<\/p>","protected":false},"featured_media":43033,"comment_status":"open","ping_status":"closed","template":"","meta":{"_acf_changed":false,"advanced_seo_description":"","jetpack_seo_html_title":"","jetpack_seo_noindex":false,"jetpack_publicize_message":"","jetpack_publicize_feature_enabled":true,"jetpack_social_post_already_shared":true,"jetpack_social_options":{"image_generator_settings":{"template":"highway","default_image_id":0,"font":"","enabled":false},"version":2},"_wpas_customize_per_network":false},"product_brand":[1507],"product_cat":[1480,1481],"product_tag":[1483],"class_list":{"0":"post-43032","1":"product","2":"type-product","3":"status-publish","4":"has-post-thumbnail","6":"product_brand-dibaq-sense","7":"product_cat-hrana","8":"product_cat-hrana-za-pse","9":"product_tag-hrana-za-pse","11":"first","12":"onbackorder","13":"taxable","14":"shipping-taxable","15":"purchasable","16":"product-type-simple"},"acf":[],"jetpack_publicize_connections":[],"jetpack_likes_enabled":true,"jetpack_sharing_enabled":true,"_links":{"self":[{"href":"https:\/\/drvet.si\/en\/wp-json\/wp\/v2\/product\/43032","targetHints":{"allow":["GET"]}}],"collection":[{"href":"https:\/\/drvet.si\/en\/wp-json\/wp\/v2\/product"}],"about":[{"href":"https:\/\/drvet.si\/en\/wp-json\/wp\/v2\/types\/product"}],"replies":[{"embeddable":true,"href":"https:\/\/drvet.si\/en\/wp-json\/wp\/v2\/comments?post=43032"}],"version-history":[{"count":5,"href":"https:\/\/drvet.si\/en\/wp-json\/wp\/v2\/product\/43032\/revisions"}],"predecessor-version":[{"id":43039,"href":"https:\/\/drvet.si\/en\/wp-json\/wp\/v2\/product\/43032\/revisions\/43039"}],"wp:featuredmedia":[{"embeddable":true,"href":"https:\/\/drvet.si\/en\/wp-json\/wp\/v2\/media\/43033"}],"wp:attachment":[{"href":"https:\/\/drvet.si\/en\/wp-json\/wp\/v2\/media?parent=43032"}],"wp:term":[{"taxonomy":"product_brand","embeddable":true,"href":"https:\/\/drvet.si\/en\/wp-json\/wp\/v2\/product_brand?post=43032"},{"taxonomy":"product_cat","embeddable":true,"href":"https:\/\/drvet.si\/en\/wp-json\/wp\/v2\/product_cat?post=43032"},{"taxonomy":"product_tag","embeddable":true,"href":"https:\/\/drvet.si\/en\/wp-json\/wp\/v2\/product_tag?post=43032"}],"curies":[{"name":"wp","href":"https:\/\/api.w.org\/{rel}","templated":true}]}}