{"id":43018,"date":"2026-03-04T23:10:38","date_gmt":"2026-03-04T22:10:38","guid":{"rendered":"https:\/\/drvet.si\/?post_type=product&#038;p=43018"},"modified":"2026-03-04T23:11:20","modified_gmt":"2026-03-04T22:11:20","slug":"dibaq-sense-low-grain-piscanec-za-odrasle-manjse-pse-2-kg","status":"publish","type":"product","link":"https:\/\/drvet.si\/en\/product\/dibaq-sense-low-grain-piscanec-za-odrasle-manjse-pse-2-kg\/","title":{"rendered":"Dibaq Sense Low Grain pi\u0161\u010danec za odrasle manj\u0161e pse &#8211; 2 kg"},"content":{"rendered":"<div data-elementor-type=\"wp-post\" data-elementor-id=\"43018\" class=\"elementor elementor-43018\">\n\t\t\t\t<div class=\"elementor-element elementor-element-4c9f20d9 e-con-full e-flex e-con e-parent\" data-id=\"4c9f20d9\" data-element_type=\"container\" data-e-type=\"container\">\n\t\t\t\t<div class=\"hf-elementor-layout elementor-element elementor-element-dfb5ad7 elementor-widget elementor-widget-text-editor\" data-id=\"dfb5ad7\" data-element_type=\"widget\" data-e-type=\"widget\" data-widget_type=\"text-editor.default\">\n\t\t\t\t<div class=\"elementor-widget-container\">\n\t\t\t\t\t\t\t\t\t<p class=\"first:mt-1.5! custom-cursor-default-hover\">Hipoalergena hrana brez glutena je namenjena odraslim psom manj\u0161ih pasem. Monoproteinska receptura temelji na sve\u017eem pi\u0161\u010dan\u010djem mesu ter vklju\u010duje sve\u017ee sadje, zelenjavo in ri\u017e. Sestava je zasnovana z mislijo na pse z ob\u010dutljivo prebavo ter zagotavlja ustrezen vnos beljakovin in energije.<\/p>\n<p class=\"first:mt-1.5! custom-cursor-default-hover\">Dodani lahko prebavljiv ri\u017e prispeva k urejeni prebavi. Vklju\u010dena zeli\u0161\u010da imajo jasno opredeljeno delovanje: origano in ro\u017emarin delujeta antibakterijsko in protivnetno, timijan in melisa blagodejno vplivata na prebavila in \u017eelodec, baldrijan pa deluje pomirjajo\u010de. Receptura prispeva tudi k krepitvi imunskega sistema.<\/p>\n<p class=\"first:mt-1.5! custom-cursor-default-hover\">Hrana je obogatena z glukozaminom, hondroitinom in MSM, ki zagotavljajo podporo in za\u0161\u010dito gibalnega sistema odraslega psa.<\/p>\t\t\t\t\t\t\t\t<\/div>\n\t\t\t\t<\/div>\n\t\t\t\t<\/div>\n\t\t\t\t<\/div>","protected":false},"excerpt":{"rendered":"<p class=\"first:mt-1.5! custom-cursor-default-hover\">Popolna hipoalergena hrana brez glutena za odrasle pse manj\u0161ih pasem temelji na monoproteinski recepturi s sve\u017eim pi\u0161\u010dan\u010djim mesom, sadjem, zelenjavo in ri\u017eem. Dodan lahko prebavljiv ri\u017e podpira urejeno prebavo, skrbno izbrane sestavine pa so primerne tudi za ob\u010dutljivo prebavo. Hrana je obogatena z glukozaminom, hondroitinom in MSM za za\u0161\u010dito gibalnega sistema.<\/p>","protected":false},"featured_media":43011,"comment_status":"open","ping_status":"closed","template":"","meta":{"_acf_changed":false,"advanced_seo_description":"","jetpack_seo_html_title":"","jetpack_seo_noindex":false,"jetpack_publicize_message":"","jetpack_publicize_feature_enabled":true,"jetpack_social_post_already_shared":true,"jetpack_social_options":{"image_generator_settings":{"template":"highway","default_image_id":0,"font":"","enabled":false},"version":2},"_wpas_customize_per_network":false},"product_brand":[1507],"product_cat":[1480,1481],"product_tag":[1483],"class_list":{"0":"post-43018","1":"product","2":"type-product","3":"status-publish","4":"has-post-thumbnail","6":"product_brand-dibaq-sense","7":"product_cat-hrana","8":"product_cat-hrana-za-pse","9":"product_tag-hrana-za-pse","11":"first","12":"onbackorder","13":"taxable","14":"shipping-taxable","15":"purchasable","16":"product-type-simple"},"acf":[],"jetpack_publicize_connections":[],"jetpack_likes_enabled":true,"jetpack_sharing_enabled":true,"_links":{"self":[{"href":"https:\/\/drvet.si\/en\/wp-json\/wp\/v2\/product\/43018","targetHints":{"allow":["GET"]}}],"collection":[{"href":"https:\/\/drvet.si\/en\/wp-json\/wp\/v2\/product"}],"about":[{"href":"https:\/\/drvet.si\/en\/wp-json\/wp\/v2\/types\/product"}],"replies":[{"embeddable":true,"href":"https:\/\/drvet.si\/en\/wp-json\/wp\/v2\/comments?post=43018"}],"version-history":[{"count":1,"href":"https:\/\/drvet.si\/en\/wp-json\/wp\/v2\/product\/43018\/revisions"}],"predecessor-version":[{"id":43019,"href":"https:\/\/drvet.si\/en\/wp-json\/wp\/v2\/product\/43018\/revisions\/43019"}],"wp:featuredmedia":[{"embeddable":true,"href":"https:\/\/drvet.si\/en\/wp-json\/wp\/v2\/media\/43011"}],"wp:attachment":[{"href":"https:\/\/drvet.si\/en\/wp-json\/wp\/v2\/media?parent=43018"}],"wp:term":[{"taxonomy":"product_brand","embeddable":true,"href":"https:\/\/drvet.si\/en\/wp-json\/wp\/v2\/product_brand?post=43018"},{"taxonomy":"product_cat","embeddable":true,"href":"https:\/\/drvet.si\/en\/wp-json\/wp\/v2\/product_cat?post=43018"},{"taxonomy":"product_tag","embeddable":true,"href":"https:\/\/drvet.si\/en\/wp-json\/wp\/v2\/product_tag?post=43018"}],"curies":[{"name":"wp","href":"https:\/\/api.w.org\/{rel}","templated":true}]}}