{"id":42889,"date":"2026-02-14T22:12:18","date_gmt":"2026-02-14T21:12:18","guid":{"rendered":"https:\/\/drvet.si\/?post_type=product&#038;p=42889"},"modified":"2026-02-14T23:14:43","modified_gmt":"2026-02-14T22:14:43","slug":"kruuse-encimska-zobna-pasta","status":"publish","type":"product","link":"https:\/\/drvet.si\/en\/product\/kruuse-encimska-zobna-pasta\/","title":{"rendered":"Kruuse encimska zobna pasta"},"content":{"rendered":"<div data-elementor-type=\"wp-post\" data-elementor-id=\"42889\" class=\"elementor elementor-42889\">\n\t\t\t\t<div class=\"elementor-element elementor-element-7752c10 e-flex e-con-boxed e-con e-parent\" data-id=\"7752c10\" data-element_type=\"container\" data-e-type=\"container\">\n\t\t\t\t\t<div class=\"e-con-inner\">\n\t\t\t\t\t<\/div>\n\t\t\t\t<\/div>\n\t\t\t\t<\/div>","protected":false},"excerpt":{"rendered":"<p>Encimska zobna pasta za pse in ma\u010dke za zdrave zobe. Pasta nima okusa, zato bo v\u0161e\u010d prav vsakemu ljubljen\u010dku. Z redno uporabo encimske zobne paste odstranimo obloge, zmanj\u0161amo nastajanje zobnega kamna in zmanj\u0161amo neprijeten zadah.<\/p>","protected":false},"featured_media":42892,"comment_status":"open","ping_status":"closed","template":"","meta":{"_acf_changed":false,"advanced_seo_description":"","jetpack_seo_html_title":"","jetpack_seo_noindex":false,"jetpack_publicize_message":"","jetpack_publicize_feature_enabled":true,"jetpack_social_post_already_shared":true,"jetpack_social_options":{"image_generator_settings":{"template":"highway","default_image_id":0,"font":"","enabled":false},"version":2},"_wpas_customize_per_network":false},"product_brand":[1546],"product_cat":[1484],"product_tag":[1467,1469,1522],"class_list":{"0":"post-42889","1":"product","2":"type-product","3":"status-publish","4":"has-post-thumbnail","6":"product_brand-kruuse","7":"product_cat-izdelki-za-nego-zob","8":"product_tag-macke","9":"product_tag-psi","10":"product_tag-zobna-pasta","12":"first","13":"instock","14":"taxable","15":"shipping-taxable","16":"purchasable","17":"product-type-simple"},"acf":[],"jetpack_publicize_connections":[],"jetpack_likes_enabled":true,"jetpack_sharing_enabled":true,"_links":{"self":[{"href":"https:\/\/drvet.si\/en\/wp-json\/wp\/v2\/product\/42889","targetHints":{"allow":["GET"]}}],"collection":[{"href":"https:\/\/drvet.si\/en\/wp-json\/wp\/v2\/product"}],"about":[{"href":"https:\/\/drvet.si\/en\/wp-json\/wp\/v2\/types\/product"}],"replies":[{"embeddable":true,"href":"https:\/\/drvet.si\/en\/wp-json\/wp\/v2\/comments?post=42889"}],"version-history":[{"count":3,"href":"https:\/\/drvet.si\/en\/wp-json\/wp\/v2\/product\/42889\/revisions"}],"predecessor-version":[{"id":42895,"href":"https:\/\/drvet.si\/en\/wp-json\/wp\/v2\/product\/42889\/revisions\/42895"}],"wp:featuredmedia":[{"embeddable":true,"href":"https:\/\/drvet.si\/en\/wp-json\/wp\/v2\/media\/42892"}],"wp:attachment":[{"href":"https:\/\/drvet.si\/en\/wp-json\/wp\/v2\/media?parent=42889"}],"wp:term":[{"taxonomy":"product_brand","embeddable":true,"href":"https:\/\/drvet.si\/en\/wp-json\/wp\/v2\/product_brand?post=42889"},{"taxonomy":"product_cat","embeddable":true,"href":"https:\/\/drvet.si\/en\/wp-json\/wp\/v2\/product_cat?post=42889"},{"taxonomy":"product_tag","embeddable":true,"href":"https:\/\/drvet.si\/en\/wp-json\/wp\/v2\/product_tag?post=42889"}],"curies":[{"name":"wp","href":"https:\/\/api.w.org\/{rel}","templated":true}]}}