{"id":42881,"date":"2026-02-11T23:23:54","date_gmt":"2026-02-11T22:23:54","guid":{"rendered":"https:\/\/drvet.si\/?post_type=product&#038;p=42881"},"modified":"2026-02-11T23:28:31","modified_gmt":"2026-02-11T22:28:31","slug":"orozyme-zvecilni-trakovi-psi-do-10-kg","status":"publish","type":"product","link":"https:\/\/drvet.si\/en\/product\/orozyme-zvecilni-trakovi-psi-do-10-kg\/","title":{"rendered":"Orozyme \u017eve\u010dilni trakovi (psi do 10 kg)"},"content":{"rendered":"<div data-elementor-type=\"wp-post\" data-elementor-id=\"42881\" class=\"elementor elementor-42881\">\n\t\t\t\t<div class=\"elementor-element elementor-element-1ab89c01 e-flex e-con-boxed e-con e-parent\" data-id=\"1ab89c01\" data-element_type=\"container\" data-e-type=\"container\">\n\t\t\t\t\t<div class=\"e-con-inner\">\n\t\t\t\t<div class=\"hf-elementor-layout elementor-element elementor-element-67880a2d elementor-widget elementor-widget-text-editor\" data-id=\"67880a2d\" data-element_type=\"widget\" data-e-type=\"widget\" data-widget_type=\"text-editor.default\">\n\t\t\t\t<div class=\"elementor-widget-container\">\n\t\t\t\t\t\t\t\t\t<p class=\"custom-cursor-default-hover\" style=\"background-color: transparent;\">Orozyme kolagenski trakovi so prehranski dodatek z encimi, ki so namenjeni vzdr\u017eevanju ustne higiene psov do 10 kg. \u017dve\u010dilni trakovi so narejeni iz kolagena, ki ob \u017eve\u010denju naravno vzpodbuja mehansko odstranjevanje oblog z zob in dlesni, s \u010dimer prispeva k bolj zdravim zobem in dlesnim ter prepre\u010duje nastanek slabega zadaha.<\/p>\n<p class=\"custom-cursor-default-hover\" style=\"background-color: transparent;\">Posebnost teh \u017eve\u010dilk je dodatek laktoferina in peroksidaze, ki sta esencialni sestavini LPO-sistema. Ta sistem vzpodbuja naravni obrambni sistem ust va\u0161ega psa in deluje proti bakterijam, ki povzro\u010dajo zobne obloge. Z \u017eve\u010denjem hkrati spodbujamo naravno vedenje psa, kar prispeva k njegovemu splo\u0161nemu po\u010dutju.<\/p>\n<p style=\"background-color: transparent;\">Orozyme kolagenski trakovi imajo nizko vsebnost ma\u0161\u010dob in ne vsebujejo sladkorja, barvil ali umetnih konzervansov, kar zagotavlja varno in naravno nego ustne votline. Redno dajanje \u017eve\u010dilnih trakov pomaga ohranjati ustno higieno in zmanj\u0161uje potrebo po pogostej\u0161ih veterinarskih posegih zaradi zobnih te\u017eav.<\/p>\t\t\t\t\t\t\t\t<\/div>\n\t\t\t\t<\/div>\n\t\t\t\t\t<\/div>\n\t\t\t\t<\/div>\n\t\t\t\t<\/div>","protected":false},"excerpt":{"rendered":"<p>Orozyme \u017eve\u010dilni trakovi (M) so prehranski dodatek za pse do 10 kg, ki zagotavljajo \u010diste zobe in zdrave dlesni. Narejeni so iz kolagena, ki ob \u017eve\u010denju omogo\u010da mehansko odstranjevanje zobnih oblog ter prepre\u010duje slab zadah. \u017dve\u010dilke z encimsko aktivnostjo vsebujejo laktoferin in peroksidazo, ki sta del LPO-sistema in podpirata naravni obrambni sistem ust. Imajo nizko vsebnost ma\u0161\u010dob in ne vsebujejo sladkorja, barvil ali umetnih konzervansov.<\/p>","protected":false},"featured_media":42882,"comment_status":"open","ping_status":"closed","template":"","meta":{"_acf_changed":false,"advanced_seo_description":"","jetpack_seo_html_title":"","jetpack_seo_noindex":false,"jetpack_publicize_message":"","jetpack_publicize_feature_enabled":true,"jetpack_social_post_already_shared":true,"jetpack_social_options":{"image_generator_settings":{"template":"highway","default_image_id":0,"font":"","enabled":false},"version":2},"_wpas_customize_per_network":false},"product_brand":[1533],"product_cat":[1484],"product_tag":[1472,1485,1469],"class_list":{"0":"post-42881","1":"product","2":"type-product","3":"status-publish","4":"has-post-thumbnail","6":"product_brand-ecuphar","7":"product_cat-izdelki-za-nego-zob","8":"product_tag-higiena","9":"product_tag-higiena-zob","10":"product_tag-psi","12":"first","13":"instock","14":"featured","15":"taxable","16":"shipping-taxable","17":"purchasable","18":"product-type-simple"},"acf":[],"jetpack_publicize_connections":[],"jetpack_likes_enabled":true,"jetpack_sharing_enabled":true,"_links":{"self":[{"href":"https:\/\/drvet.si\/en\/wp-json\/wp\/v2\/product\/42881","targetHints":{"allow":["GET"]}}],"collection":[{"href":"https:\/\/drvet.si\/en\/wp-json\/wp\/v2\/product"}],"about":[{"href":"https:\/\/drvet.si\/en\/wp-json\/wp\/v2\/types\/product"}],"replies":[{"embeddable":true,"href":"https:\/\/drvet.si\/en\/wp-json\/wp\/v2\/comments?post=42881"}],"version-history":[{"count":4,"href":"https:\/\/drvet.si\/en\/wp-json\/wp\/v2\/product\/42881\/revisions"}],"predecessor-version":[{"id":42886,"href":"https:\/\/drvet.si\/en\/wp-json\/wp\/v2\/product\/42881\/revisions\/42886"}],"wp:featuredmedia":[{"embeddable":true,"href":"https:\/\/drvet.si\/en\/wp-json\/wp\/v2\/media\/42882"}],"wp:attachment":[{"href":"https:\/\/drvet.si\/en\/wp-json\/wp\/v2\/media?parent=42881"}],"wp:term":[{"taxonomy":"product_brand","embeddable":true,"href":"https:\/\/drvet.si\/en\/wp-json\/wp\/v2\/product_brand?post=42881"},{"taxonomy":"product_cat","embeddable":true,"href":"https:\/\/drvet.si\/en\/wp-json\/wp\/v2\/product_cat?post=42881"},{"taxonomy":"product_tag","embeddable":true,"href":"https:\/\/drvet.si\/en\/wp-json\/wp\/v2\/product_tag?post=42881"}],"curies":[{"name":"wp","href":"https:\/\/api.w.org\/{rel}","templated":true}]}}