{"id":42805,"date":"2026-02-05T16:06:18","date_gmt":"2026-02-05T15:06:18","guid":{"rendered":"https:\/\/drvet.si\/?post_type=product&#038;p=42805"},"modified":"2026-02-05T16:40:32","modified_gmt":"2026-02-05T15:40:32","slug":"dibaq-sense-piscanec-in-raca-za-sterilizirane-macke-15-kg","status":"publish","type":"product","link":"https:\/\/drvet.si\/en\/product\/dibaq-sense-piscanec-in-raca-za-sterilizirane-macke-15-kg\/","title":{"rendered":"Dibaq Sense pi\u0161\u010danec in raca za sterilizirane ma\u010dke &#8211; 1,5 kg"},"content":{"rendered":"<div data-elementor-type=\"wp-post\" data-elementor-id=\"42805\" class=\"elementor elementor-42805\">\n\t\t\t\t<div class=\"elementor-element elementor-element-4c9f20d9 e-con-full e-flex e-con e-parent\" data-id=\"4c9f20d9\" data-element_type=\"container\" data-e-type=\"container\">\n\t\t\t\t<div class=\"hf-elementor-layout elementor-element elementor-element-dfb5ad7 elementor-widget elementor-widget-text-editor\" data-id=\"dfb5ad7\" data-element_type=\"widget\" data-e-type=\"widget\" data-widget_type=\"text-editor.default\">\n\t\t\t\t<div class=\"elementor-widget-container\">\n\t\t\t\t\t\t\t\t\t<p class=\"first:mt-1.5! custom-cursor-default-hover\">Dibaq Sense Cat Sterilized Chicken &amp; Duck je vrhunska hipoalergena hrana brez \u017eit, namenjena steriliziranim odraslim ma\u010dkam in ma\u010dkam, ki potrebujejo nadzor nad telesno te\u017eo. Ekskluzivna receptura vsebuje do 86 % sestavin \u017eivalskega izvora, vklju\u010dno s 40 % sve\u017eega mesa pi\u0161\u010danca in race. Obrok dopolnjujejo skrbno izbrani naravni viri vlaknin in vitaminov, kot so krompir,&nbsp; jabolka, borovnice, mango in gobe.<\/p>\n<p class=\"first:mt-1.5! custom-cursor-default-hover\">Hrana nudi celostno podporo telesu s specializiranimi sestavinami: kopriva in ingver skrbita za zdravje zob, dolo\u010dene sestavine podpirajo delovanje ledvic, dodana L-karnitin in tavrin pa pomagata pri uravnavanju telesne te\u017ee in ohranjanju sr\u010dne vitalnosti. Za bolj\u0161o prebavo in prepre\u010devanje te\u017eav z dlakami sta dodana izvle\u010dek slada in juka, ki nevtralizira neprijetne vonjave. Vse sestavine so prvotno primerne za prehrano ljudi in pripravljene v lastnih kuhinjah, kar zagotavlja ohranjanje vseh hranilnih vrednosti in vrhunskega okusa.<\/p>\n<p class=\"custom-cursor-default-hover\" style=\"background-color: transparent;\">Hrana je zasnovana za celostno podporo mlademu organizmu, saj vsebuje sestavine, ki \u0161\u010ditijo sklepe (hondroitin in glukozamin), prebioti\u010dna zeli\u0161\u010da in naravne antioksidante. Posebnost recepture so funkcionalni dodatki: izvle\u010dek slada za vlaknine, juka za nevtralizacijo vonja iztrebkov, L-karnitin, tavrin ter sestavine za podporo delovanju ledvic.&nbsp;<\/p>\n<p class=\"custom-cursor-default-hover\" style=\"background-color: transparent;\">Recepture so pripravljene v lastnih kuhinjahproizvajalcev, kar zagotavlja sve\u017eino in ohranjanje visoke hranilne vrednosti. Hrana je popolnoma brez \u017eit, s \u010dimer se prepre\u010dujejo alergije in prehranske intolerance.<\/p>\t\t\t\t\t\t\t\t<\/div>\n\t\t\t\t<\/div>\n\t\t\t\t<\/div>\n\t\t\t\t<\/div>","protected":false},"excerpt":{"rendered":"<p>Hipoalergena hrana brez \u017eit Dibaq Sense s pi\u0161\u010dancem in raco je posebej zasnovana za odrasle sterilizirane ma\u010dke ali ma\u010dke z nagnjenostjo k prekomerni telesni te\u017ei. Vsebuje do 86 % sestavin \u017eivalskega izvora in 100 % naravne sestavine, ki poskrbijo za zdravje in dobro po\u010dutje va\u0161ega ma\u010djega lovca. Receptura z ni\u017ejim dele\u017eem ma\u0161\u010dob vklju\u010duje sve\u017ee meso, sadje in zelenjavo, kar zagotavlja urejeno prebavo, zdravo ustno votlino ter gibljive sklepe.<\/p>","protected":false},"featured_media":42806,"comment_status":"open","ping_status":"closed","template":"","meta":{"_acf_changed":false,"advanced_seo_description":"","jetpack_seo_html_title":"","jetpack_seo_noindex":false,"jetpack_publicize_message":"","jetpack_publicize_feature_enabled":true,"jetpack_social_post_already_shared":true,"jetpack_social_options":{"image_generator_settings":{"template":"highway","default_image_id":0,"font":"","enabled":false},"version":2},"_wpas_customize_per_network":false},"product_brand":[1507],"product_cat":[1480,1488],"product_tag":[1538,1542,1543],"class_list":{"0":"post-42805","1":"product","2":"type-product","3":"status-publish","4":"has-post-thumbnail","6":"product_brand-dibaq-sense","7":"product_cat-hrana","8":"product_cat-hrana-za-macke","9":"product_tag-hrana-za-macke","10":"product_tag-kastrirane-macke","11":"product_tag-sterilizirane-macke","13":"first","14":"instock","15":"taxable","16":"shipping-taxable","17":"purchasable","18":"product-type-simple"},"acf":[],"jetpack_publicize_connections":[],"jetpack_likes_enabled":true,"jetpack_sharing_enabled":true,"_links":{"self":[{"href":"https:\/\/drvet.si\/en\/wp-json\/wp\/v2\/product\/42805","targetHints":{"allow":["GET"]}}],"collection":[{"href":"https:\/\/drvet.si\/en\/wp-json\/wp\/v2\/product"}],"about":[{"href":"https:\/\/drvet.si\/en\/wp-json\/wp\/v2\/types\/product"}],"replies":[{"embeddable":true,"href":"https:\/\/drvet.si\/en\/wp-json\/wp\/v2\/comments?post=42805"}],"version-history":[{"count":6,"href":"https:\/\/drvet.si\/en\/wp-json\/wp\/v2\/product\/42805\/revisions"}],"predecessor-version":[{"id":42813,"href":"https:\/\/drvet.si\/en\/wp-json\/wp\/v2\/product\/42805\/revisions\/42813"}],"wp:featuredmedia":[{"embeddable":true,"href":"https:\/\/drvet.si\/en\/wp-json\/wp\/v2\/media\/42806"}],"wp:attachment":[{"href":"https:\/\/drvet.si\/en\/wp-json\/wp\/v2\/media?parent=42805"}],"wp:term":[{"taxonomy":"product_brand","embeddable":true,"href":"https:\/\/drvet.si\/en\/wp-json\/wp\/v2\/product_brand?post=42805"},{"taxonomy":"product_cat","embeddable":true,"href":"https:\/\/drvet.si\/en\/wp-json\/wp\/v2\/product_cat?post=42805"},{"taxonomy":"product_tag","embeddable":true,"href":"https:\/\/drvet.si\/en\/wp-json\/wp\/v2\/product_tag?post=42805"}],"curies":[{"name":"wp","href":"https:\/\/api.w.org\/{rel}","templated":true}]}}