{"id":42716,"date":"2026-02-03T16:31:48","date_gmt":"2026-02-03T15:31:48","guid":{"rendered":"https:\/\/drvet.si\/?post_type=product&#038;p=42716"},"modified":"2026-02-04T19:13:15","modified_gmt":"2026-02-04T18:13:15","slug":"dibaq-sense-puran-in-raca-za-dolgodlake-macke-6-kg","status":"publish","type":"product","link":"https:\/\/drvet.si\/en\/product\/dibaq-sense-puran-in-raca-za-dolgodlake-macke-6-kg\/","title":{"rendered":"Dibaq Sense puran in raca za dolgodlake ma\u010dke &#8211; 6 kg"},"content":{"rendered":"<div data-elementor-type=\"wp-post\" data-elementor-id=\"42716\" class=\"elementor elementor-42716\">\n\t\t\t\t<div class=\"elementor-element elementor-element-4c9f20d9 e-con-full e-flex e-con e-parent\" data-id=\"4c9f20d9\" data-element_type=\"container\" data-e-type=\"container\">\n\t\t\t\t<div class=\"hf-elementor-layout elementor-element elementor-element-dfb5ad7 elementor-widget elementor-widget-text-editor\" data-id=\"dfb5ad7\" data-element_type=\"widget\" data-e-type=\"widget\" data-widget_type=\"text-editor.default\">\n\t\t\t\t<div class=\"elementor-widget-container\">\n\t\t\t\t\t\t\t\t\t<p class=\"first:mt-1.5! custom-cursor-default-hover\">Dibaq Sense Grain Free za dolgodlake ma\u010dke je vrhunska hipoalergena hrana brez \u017eitaric, razvita posebej za potrebe odraslih in steriliziranih ma\u010dk dolgodlakih pasem. Ta brezglutenska receptura zagotavlja prehrano najvi\u0161je kakovosti, pripravljeno iz sve\u017eih in skrbno izbranih 100 % naravnih lokalnih sestavin. Osrednji del obroka tvori sve\u017ee puranje meso, ki mu so dodani bu\u010da, jabolka in sve\u017ee brusnice, kar zagotavlja optimalno ravnovesje hranil za vitalnost va\u0161e ma\u010dke.<\/p>\n<p class=\"first:mt-1.5! custom-cursor-default-hover\">Posebnost te recepture je dodatek slada, ki je klju\u010den za dolgodlake ma\u010dke, saj pomaga pri razgradnji zau\u017eitih dlak v prebavilih. Za dodatno podporo prebavnemu sistemu skrbita prebiotika FOS in MOS, ki zagotavljata zdravo in uravnote\u017eeno \u010drevesno floro, medtem ko izvle\u010dek juke u\u010dinkovito pomaga nevtralizirati neprijetne vonjave.<\/p>\n<p class=\"first:mt-1.5! custom-cursor-default-hover\">Poleg prebavnega zdravja hrana celovito skrbi tudi za druge vidike dobrega po\u010dutja. Vsebuje posebne sestavine za za\u0161\u010dito sklepov, ki pomagajo prepre\u010devati bole\u010dine in ohranjajo gibljivost, ter dentalni kompleks, ki skrbi za dobro ustno higieno in vzdr\u017eevanje zdrave ustne votline.&nbsp;<\/p>\n<p class=\"first:mt-1.5! custom-cursor-default-hover\">Z izbiro Dibaq Sense Grain Free svojemu ma\u010djemu lovcu nudite popoln in uravnote\u017een obrok, ki s kombinacijo naravnih sestavin poskrbi za njegovo zdravje, sijo\u010d videz in splo\u0161no dobro po\u010dutje.<\/p>\t\t\t\t\t\t\t\t<\/div>\n\t\t\t\t<\/div>\n\t\t\t\t<\/div>\n\t\t\t\t<\/div>","protected":false},"excerpt":{"rendered":"<p class=\"first:mt-1.5! custom-cursor-default-hover\">Dibaq Sense Grain Free je celovita hipoalergena hrana brez \u017eitaric, zasnovana posebej za odrasle in sterilizirane ma\u010dke dolgodlakih pasem. Receptura, ki vsebuje 100 % naravne sestavine vsebuje sve\u017eega purana, bu\u010do, jabolka in brusnice. Za la\u017ejo prebavo in prepre\u010devanje nastanka dla\u010dnih kepic je dodan slad, medtem ko izvle\u010dek juke nevtralizira neprijetne vonjave. Hrana vklju\u010duje tudi dentalni kompleks za ustno higieno ter za\u0161\u010dito za sklepe, kar zagotavlja zdravje in dobro po\u010dutje va\u0161ega ma\u010djega lovca.<\/p>","protected":false},"featured_media":42709,"comment_status":"open","ping_status":"closed","template":"","meta":{"_acf_changed":false,"advanced_seo_description":"","jetpack_seo_html_title":"","jetpack_seo_noindex":false,"jetpack_publicize_message":"","jetpack_publicize_feature_enabled":true,"jetpack_social_post_already_shared":true,"jetpack_social_options":{"image_generator_settings":{"template":"highway","default_image_id":0,"font":"","enabled":false},"version":2},"_wpas_customize_per_network":false},"product_brand":[1507],"product_cat":[1480,1488],"product_tag":[1538],"class_list":{"0":"post-42716","1":"product","2":"type-product","3":"status-publish","4":"has-post-thumbnail","6":"product_brand-dibaq-sense","7":"product_cat-hrana","8":"product_cat-hrana-za-macke","9":"product_tag-hrana-za-macke","11":"first","12":"onbackorder","13":"taxable","14":"shipping-taxable","15":"purchasable","16":"product-type-simple"},"acf":[],"jetpack_publicize_connections":[],"jetpack_likes_enabled":true,"jetpack_sharing_enabled":true,"_links":{"self":[{"href":"https:\/\/drvet.si\/en\/wp-json\/wp\/v2\/product\/42716","targetHints":{"allow":["GET"]}}],"collection":[{"href":"https:\/\/drvet.si\/en\/wp-json\/wp\/v2\/product"}],"about":[{"href":"https:\/\/drvet.si\/en\/wp-json\/wp\/v2\/types\/product"}],"replies":[{"embeddable":true,"href":"https:\/\/drvet.si\/en\/wp-json\/wp\/v2\/comments?post=42716"}],"version-history":[{"count":1,"href":"https:\/\/drvet.si\/en\/wp-json\/wp\/v2\/product\/42716\/revisions"}],"predecessor-version":[{"id":42717,"href":"https:\/\/drvet.si\/en\/wp-json\/wp\/v2\/product\/42716\/revisions\/42717"}],"wp:featuredmedia":[{"embeddable":true,"href":"https:\/\/drvet.si\/en\/wp-json\/wp\/v2\/media\/42709"}],"wp:attachment":[{"href":"https:\/\/drvet.si\/en\/wp-json\/wp\/v2\/media?parent=42716"}],"wp:term":[{"taxonomy":"product_brand","embeddable":true,"href":"https:\/\/drvet.si\/en\/wp-json\/wp\/v2\/product_brand?post=42716"},{"taxonomy":"product_cat","embeddable":true,"href":"https:\/\/drvet.si\/en\/wp-json\/wp\/v2\/product_cat?post=42716"},{"taxonomy":"product_tag","embeddable":true,"href":"https:\/\/drvet.si\/en\/wp-json\/wp\/v2\/product_tag?post=42716"}],"curies":[{"name":"wp","href":"https:\/\/api.w.org\/{rel}","templated":true}]}}