{"id":42574,"date":"2026-01-28T15:37:00","date_gmt":"2026-01-28T14:37:00","guid":{"rendered":"https:\/\/drvet.si\/?post_type=product&#038;p=42574"},"modified":"2026-01-28T17:48:48","modified_gmt":"2026-01-28T16:48:48","slug":"furree-mesanica-za-pasji-sladoled-banana","status":"publish","type":"product","link":"https:\/\/drvet.si\/en\/product\/furree-mesanica-za-pasji-sladoled-banana\/","title":{"rendered":"F\u00fcrree me\u0161anica za pasji sladoled &#8211; banana"},"content":{"rendered":"<div data-elementor-type=\"wp-post\" data-elementor-id=\"42574\" class=\"elementor elementor-42574\">\n\t\t\t\t<div class=\"elementor-element elementor-element-7752c10 e-con-full e-flex e-con e-parent\" data-id=\"7752c10\" data-element_type=\"container\" data-e-type=\"container\">\n\t\t\t\t<div class=\"hf-elementor-layout elementor-element elementor-element-29fafcea elementor-widget elementor-widget-text-editor\" data-id=\"29fafcea\" data-element_type=\"widget\" data-e-type=\"widget\" data-widget_type=\"text-editor.default\">\n\t\t\t\t<div class=\"elementor-widget-container\">\n\t\t\t\t\t\t\t\t\t<p style=\"background-color: transparent;\">Ko pritisne poletna vro\u010dina, si tudi na\u0161i \u0161tirino\u017eni prijatelji zaslu\u017eijo pravo osve\u017eitev!<\/p>\n<p style=\"background-color: transparent;\"><span style=\"background-color: transparent;\">F<\/span>\u00fc<span style=\"background-color: transparent;\">rree ni le navaden pribolj\u0161ek, temve\u010d skrbno zasnovan sladoled v prahu, narejen iz 100 % naravnih sestavin visoke kakovosti. Brez umetnih barvil, arom in brez kompromisov pri zdravju. Receptura je popolnoma brez laktoze, soje in dodanega sladkorja, kar pomeni, da je sladoled lahko prebavljiv in primeren za pse vseh starosti, vklju\u010dno s tistimi z intolerancami.&nbsp;<\/span><\/p>\n<p style=\"background-color: transparent;\"><span style=\"background-color: transparent;\">F<\/span>\u00fc<span style=\"background-color: transparent;\">rree<\/span>&nbsp;vsebuje kolagen in hranljiva \u017eivila, ki aktivno podpirajo zdrave sklepe, elasti\u010dno ko\u017eo in sijo\u010do dlako \u2013 idealno za mladi\u010dke v rasti, aktivne pse in seniorje.&nbsp;<\/p>\n<p style=\"background-color: transparent;\">Priprava je izjemno preprosta in zabavna: pra\u0161ek preprosto zme\u0161ajte z vodo, vlijte v prilo\u017een silikonski model\u010dek in zamrznite. Za popestritev ga lahko zme\u0161ate tudi z jogurtom brez laktoze ali kefirjem oziroma ga nama\u017eete na podlogo za lizanje.&nbsp;<span style=\"background-color: transparent;\">Vsako pakiranje (60 g) omogo\u010da pripravo do 10 porcij, na voljo pa je v 6 slastnih okusih z zamrznjenim sadjem. Vsakemu pakiranju je prilo\u017een brezpla\u010den silikonski model\u010dek za ve\u010dkratno uporabo, ki poskrbi za prikupne oblike sladoleda brez packanja v zamrzovalniku.&nbsp;<\/span><\/p>\n<p style=\"background-color: transparent;\" class=\"custom-cursor-default-hover\">Naj bo leto\u0161nje poletje polno osve\u017eilnih dogodiv\u0161\u010din. S sladoledom&nbsp;<span style=\"background-color: transparent;\">F<\/span>\u00fc<span style=\"background-color: transparent;\">rree<\/span>&nbsp;svojemu psu ne podarite le hlajenja, temve\u010d tudi zdravje in neizmerno veselje.<\/p>\n<p style=\"background-color: transparent;\" class=\"custom-cursor-default-hover\">Naj ljubezen do psov dobi okus \u2013&nbsp;<em data-end=\"2711\" data-start=\"2697\" class=\"custom-cursor-default-hover\">okus&nbsp;<span class=\"custom-cursor-default-hover\" style=\"font-style: normal; background-color: transparent;\">F<\/span><span style=\"font-style: normal;\">\u00fc<\/span><span class=\"custom-cursor-default-hover\" style=\"font-style: normal; background-color: transparent;\">rree<\/span>!<\/em><\/p>\t\t\t\t\t\t\t\t<\/div>\n\t\t\t\t<\/div>\n\t\t\t\t<\/div>\n\t\t\t\t<\/div>","protected":false},"excerpt":{"rendered":"<div class=\"px-8 [@media(max-width:1250px)]:px-[10px] [@media(max-width:1250px)]:max-w-[800px] max-w-[945px] group relative mx-auto flex gap-[9px] rounded-xl mt-2.5 py-3 custom-cursor-default-hover\">\n<div class=\"flex-1 relative \">\n<div class=\"flex\">\n<div class=\"relative min-w-12 grow custom-cursor-default-hover\">\n<div class=\"relative ml-0.5 max-w-full\" data-id=\"text-isUser-false\">\n<div data-id=\"textUse\">\n<div class=\" prose dark:prose-invert markdown \" dir=\"auto\" data-gramm=\"false\">\n<p class=\"first:mt-1.5! custom-cursor-default-hover\">Privo\u0161\u010dite svojemu psu popolno poletno poslastico brez slabe vesti. Pasji sladoled F\u00fcrree v prahu je 100 % naraven, brez laktoze, soje in dodanega sladkorja, zato je prijazen tudi do ob\u010dutljivih trebu\u0161\u010dkov. Sladoled je obogaten s kolagenom in hranljivimi \u017eivili, ki skrbijo za zdrave sklepe, sijo\u010do dlako in mo\u010dno ko\u017eo. Eno pakiranje (60 g) zadostuje za 10 porcij \u010diste pasje sre\u010de!<\/p>\n<\/div>\n<\/div>\n<\/div>\n<\/div>\n<\/div>\n<\/div>\n<\/div>\n","protected":false},"featured_media":42581,"comment_status":"open","ping_status":"closed","template":"","meta":{"_acf_changed":false,"advanced_seo_description":"","jetpack_seo_html_title":"","jetpack_seo_noindex":false,"jetpack_publicize_message":"","jetpack_publicize_feature_enabled":true,"jetpack_social_post_already_shared":true,"jetpack_social_options":{"image_generator_settings":{"template":"highway","default_image_id":0,"font":"","enabled":false},"version":2},"_wpas_customize_per_network":false},"product_brand":[1535],"product_cat":[1458],"product_tag":[1487,1469,1536],"class_list":{"0":"post-42574","1":"product","2":"type-product","3":"status-publish","4":"has-post-thumbnail","6":"product_brand-furree","7":"product_cat-priboljski","8":"product_tag-priboljski","9":"product_tag-psi","10":"product_tag-sladoled","12":"first","13":"instock","14":"sale","15":"taxable","16":"shipping-taxable","17":"purchasable","18":"product-type-simple"},"acf":[],"jetpack_publicize_connections":[],"jetpack_likes_enabled":true,"jetpack_sharing_enabled":true,"_links":{"self":[{"href":"https:\/\/drvet.si\/en\/wp-json\/wp\/v2\/product\/42574","targetHints":{"allow":["GET"]}}],"collection":[{"href":"https:\/\/drvet.si\/en\/wp-json\/wp\/v2\/product"}],"about":[{"href":"https:\/\/drvet.si\/en\/wp-json\/wp\/v2\/types\/product"}],"replies":[{"embeddable":true,"href":"https:\/\/drvet.si\/en\/wp-json\/wp\/v2\/comments?post=42574"}],"version-history":[{"count":1,"href":"https:\/\/drvet.si\/en\/wp-json\/wp\/v2\/product\/42574\/revisions"}],"predecessor-version":[{"id":42576,"href":"https:\/\/drvet.si\/en\/wp-json\/wp\/v2\/product\/42574\/revisions\/42576"}],"wp:featuredmedia":[{"embeddable":true,"href":"https:\/\/drvet.si\/en\/wp-json\/wp\/v2\/media\/42581"}],"wp:attachment":[{"href":"https:\/\/drvet.si\/en\/wp-json\/wp\/v2\/media?parent=42574"}],"wp:term":[{"taxonomy":"product_brand","embeddable":true,"href":"https:\/\/drvet.si\/en\/wp-json\/wp\/v2\/product_brand?post=42574"},{"taxonomy":"product_cat","embeddable":true,"href":"https:\/\/drvet.si\/en\/wp-json\/wp\/v2\/product_cat?post=42574"},{"taxonomy":"product_tag","embeddable":true,"href":"https:\/\/drvet.si\/en\/wp-json\/wp\/v2\/product_tag?post=42574"}],"curies":[{"name":"wp","href":"https:\/\/api.w.org\/{rel}","templated":true}]}}