{"id":42517,"date":"2026-01-23T21:59:57","date_gmt":"2026-01-23T20:59:57","guid":{"rendered":"https:\/\/drvet.si\/?post_type=product&#038;p=42517"},"modified":"2026-01-23T22:15:50","modified_gmt":"2026-01-23T21:15:50","slug":"plaqtiv-ustno-prsilo-za-pse","status":"publish","type":"product","link":"https:\/\/drvet.si\/en\/product\/plaqtiv-ustno-prsilo-za-pse\/","title":{"rendered":"Plaqtiv+ ustno pr\u0161ilo za pse"},"content":{"rendered":"<div data-elementor-type=\"wp-post\" data-elementor-id=\"42517\" class=\"elementor elementor-42517\">\n\t\t\t\t<div class=\"elementor-element elementor-element-1ab89c01 e-flex e-con-boxed e-con e-parent\" data-id=\"1ab89c01\" data-element_type=\"container\" data-e-type=\"container\">\n\t\t\t\t\t<div class=\"e-con-inner\">\n\t\t\t\t<div class=\"hf-elementor-layout elementor-element elementor-element-67880a2d elementor-widget elementor-widget-text-editor\" data-id=\"67880a2d\" data-element_type=\"widget\" data-e-type=\"widget\" data-widget_type=\"text-editor.default\">\n\t\t\t\t<div class=\"elementor-widget-container\">\n\t\t\t\t\t\t\t\t\t<p>Plaqtiv+ oralno pr\u0161ilo za pse v 60 ml embala\u017ei je inovativen izdelek, razvit na podlagi znanstvenih ugotovitev, ki s patentirano tehnologijo Xpersiv pomaga pri boju proti zobnemu kamnu, osve\u017ei dah in podpira dobro ustno higieno.&nbsp;<\/p><p class=\"custom-cursor-default-hover\">Tehnologija Xpersiv deluje tako, da kompleks ve\u017ee minerale in pomaga zavir\u0430ti nastanek zobnega kamna, zaradi arome vanilije in mete pa u\u010dinkovito osve\u017ei dah va\u0161ega psa. Pr\u0161ilo je primerno za vsakodnevno nego zobovja in je izjemno enostavno za uporabo.<\/p><p class=\"custom-cursor-default-hover\">Tiho \u010drpalno pr\u0161ilo ne pritiska na dlesni, kar ga naredi odli\u010den prvi korak v rutino ustne nege mladi\u010dkov, majhna velikost pa omogo\u010da uporabo tudi na poti. Ena embala\u017ea ponuja 120 dni ustne nege za pse.&nbsp;<\/p><p class=\"custom-cursor-default-hover\">Pri uporabi pazite, da pr\u0161ilo ne pride v stik z o\u010dmi, shranjujte ga pri sobni temperaturi in izven dosega otrok, rok uporabnosti neodprte embala\u017ee pa je 36 mesecev.<\/p>\t\t\t\t\t\t\t\t<\/div>\n\t\t\t\t<\/div>\n\t\t\t\t\t<\/div>\n\t\t\t\t<\/div>\n\t\t\t\t<\/div>","protected":false},"excerpt":{"rendered":"<p>Plaqtiv+ oralno pr\u0161ilo za pse je inovativen izdelek s patentirano tehnologijo Xpersiv, ki pomaga pri boju proti zobnemu kamnu, osve\u017ei dah in podpira dobro ustno higieno. Pr\u0161ilo z okusom vanilije in mete je enostavno za uporabo, saj preprosto dvignete pasjo zgornjo ustnico, da so vidni zobje in dlesni, ter nana\u0161ate pr\u0161ilo enkrat ali dvakrat na dan. Tiho \u010drpalno pr\u0161ilo ne pritiska na dlesni, zato je odli\u010den prvi korak v rutino ustne nege mladi\u010dkov, majhna velikost pa omogo\u010da uporabo tudi na poti.<\/p>","protected":false},"featured_media":42514,"comment_status":"open","ping_status":"closed","template":"","meta":{"_acf_changed":false,"advanced_seo_description":"","jetpack_seo_html_title":"","jetpack_seo_noindex":false,"jetpack_publicize_message":"","jetpack_publicize_feature_enabled":true,"jetpack_social_post_already_shared":true,"jetpack_social_options":{"image_generator_settings":{"template":"highway","default_image_id":0,"font":"","enabled":false},"version":2},"_wpas_customize_per_network":false},"product_brand":[],"product_cat":[1484],"product_tag":[1472,1485,1469],"class_list":{"0":"post-42517","1":"product","2":"type-product","3":"status-publish","4":"has-post-thumbnail","6":"product_cat-izdelki-za-nego-zob","7":"product_tag-higiena","8":"product_tag-higiena-zob","9":"product_tag-psi","11":"first","12":"instock","13":"featured","14":"taxable","15":"shipping-taxable","16":"purchasable","17":"product-type-simple"},"acf":[],"jetpack_publicize_connections":[],"jetpack_likes_enabled":true,"jetpack_sharing_enabled":true,"_links":{"self":[{"href":"https:\/\/drvet.si\/en\/wp-json\/wp\/v2\/product\/42517","targetHints":{"allow":["GET"]}}],"collection":[{"href":"https:\/\/drvet.si\/en\/wp-json\/wp\/v2\/product"}],"about":[{"href":"https:\/\/drvet.si\/en\/wp-json\/wp\/v2\/types\/product"}],"replies":[{"embeddable":true,"href":"https:\/\/drvet.si\/en\/wp-json\/wp\/v2\/comments?post=42517"}],"version-history":[{"count":5,"href":"https:\/\/drvet.si\/en\/wp-json\/wp\/v2\/product\/42517\/revisions"}],"predecessor-version":[{"id":42522,"href":"https:\/\/drvet.si\/en\/wp-json\/wp\/v2\/product\/42517\/revisions\/42522"}],"wp:featuredmedia":[{"embeddable":true,"href":"https:\/\/drvet.si\/en\/wp-json\/wp\/v2\/media\/42514"}],"wp:attachment":[{"href":"https:\/\/drvet.si\/en\/wp-json\/wp\/v2\/media?parent=42517"}],"wp:term":[{"taxonomy":"product_brand","embeddable":true,"href":"https:\/\/drvet.si\/en\/wp-json\/wp\/v2\/product_brand?post=42517"},{"taxonomy":"product_cat","embeddable":true,"href":"https:\/\/drvet.si\/en\/wp-json\/wp\/v2\/product_cat?post=42517"},{"taxonomy":"product_tag","embeddable":true,"href":"https:\/\/drvet.si\/en\/wp-json\/wp\/v2\/product_tag?post=42517"}],"curies":[{"name":"wp","href":"https:\/\/api.w.org\/{rel}","templated":true}]}}