{"id":42405,"date":"2026-01-21T13:15:49","date_gmt":"2026-01-21T12:15:49","guid":{"rendered":"https:\/\/drvet.si\/?post_type=product&#038;p=42405"},"modified":"2026-01-21T13:39:25","modified_gmt":"2026-01-21T12:39:25","slug":"woolf-priboljski-koscki-jagnjetine","status":"publish","type":"product","link":"https:\/\/drvet.si\/en\/product\/woolf-priboljski-koscki-jagnjetine\/","title":{"rendered":"Woolf pribolj\u0161ki &#8211; ko\u0161\u010dki jagnjetine"},"content":{"rendered":"<div data-elementor-type=\"wp-post\" data-elementor-id=\"42405\" class=\"elementor elementor-42405\">\n\t\t\t\t<div class=\"elementor-element elementor-element-7752c10 e-con-full e-flex e-con e-parent\" data-id=\"7752c10\" data-element_type=\"container\" data-e-type=\"container\">\n\t\t\t\t<div class=\"hf-elementor-layout elementor-element elementor-element-29fafcea elementor-widget elementor-widget-text-editor\" data-id=\"29fafcea\" data-element_type=\"widget\" data-e-type=\"widget\" data-widget_type=\"text-editor.default\">\n\t\t\t\t<div class=\"elementor-widget-container\">\n\t\t\t\t\t\t\t\t\t<p class=\"custom-cursor-default-hover\" style=\"background-color: transparent;\">Woolf jagnje\u010dje kockice so vrhunski pribolj\u0161ki, izdelani iz 100 % kakovostnih virov beljakovin, brez umetnih dodatkov, konzervansov in barvil. Narejeni so iz su\u0161enega jagnje\u010djega mesa, ki je naravno bogato z beljakovinami, vitaminom B in minerali, ter vsebuje omega-3 ma\u0161\u010dobne kisline, ki podpirajo zdravje srca in o\u017eilja, zavirajo vnetne procese in prepre\u010dujejo nastajanje krvnih strdkov.<\/p><p style=\"background-color: transparent;\"><strong style=\"background-color: transparent;\">Prednosti Woolf jagnje\u010djih kockic:<\/strong><\/p><ul style=\"background-color: transparent;\"><li class=\"custom-cursor-default-hover\" style=\"background-color: transparent;\"><strong style=\"background-color: transparent;\">Visoka hranilna vrednost:<\/strong> Jagnjetina vsebuje malo ma\u0161\u010dob in ne vsebuje ogljikovih hidratov, zato je idealna izbira za pse s prekomerno telesno te\u017eo ali prehranskimi omejitvami.<\/li><li class=\"custom-cursor-default-hover\" style=\"background-color: transparent;\"><strong style=\"background-color: transparent;\">Naravna in varna sestava:<\/strong> Pribolj\u0161ki so pakirani brez kemi\u010dnih dodatkov, barvil in konzervansov.\u00a0<\/li><li style=\"background-color: transparent;\"><strong style=\"background-color: transparent;\">Primerni za vse pse:<\/strong> Majhni, okusni gri\u017eljaji so odli\u010dni za nagrajevanje in \u0161olanje psov vseh velikosti, primerni pa so tudi za mladi\u010de od 3. meseca starosti in ma\u010dke.<\/li><li style=\"background-color: transparent;\"><strong style=\"background-color: transparent;\">Brez \u017eit:<\/strong> Receptura brez \u017eit omogo\u010da varno uporabo tudi pri prehransko ob\u010dutljivih psih.<\/li><\/ul>\t\t\t\t\t\t\t\t<\/div>\n\t\t\t\t<\/div>\n\t\t\t\t<\/div>\n\t\t\t\t<\/div>","protected":false},"excerpt":{"rendered":"<p class=\"first:mt-1.5! custom-cursor-default-hover\">Woolf jagnje\u010dje kockice so 100 % naravni, monobeljakovinski pribolj\u0161ki z visoko vsebnostjo kakovostnega jagnje\u010djega mesa. Bogate so z beljakovinami, vitaminom B in minerali, vsebujejo omega-3 ma\u0161\u010dobne kisline, ki podpirajo zdravje srca in o\u017eilja ter zmanj\u0161ujejo vnetne procese. Brez \u017eit in ogljikovih hidratov, zato so primerne tudi za prehransko ob\u010dutljive pse in tiste s prekomerno te\u017eo. Majhni gri\u017eljaji so idealni za \u0161olanje in primerni za pse vseh velikosti, mladi\u010de od 3. meseca dalje ter ma\u010dke.<\/p>","protected":false},"featured_media":42406,"comment_status":"open","ping_status":"closed","template":"","meta":{"_acf_changed":false,"advanced_seo_description":"","jetpack_seo_html_title":"","jetpack_seo_noindex":false,"jetpack_publicize_message":"","jetpack_publicize_feature_enabled":true,"jetpack_social_post_already_shared":true,"jetpack_social_options":{"image_generator_settings":{"template":"highway","default_image_id":0,"font":"","enabled":false},"version":2},"_wpas_customize_per_network":false},"product_brand":[1531],"product_cat":[1458],"product_tag":[1487,1469],"class_list":{"0":"post-42405","1":"product","2":"type-product","3":"status-publish","4":"has-post-thumbnail","6":"product_brand-woolf","7":"product_cat-priboljski","8":"product_tag-priboljski","9":"product_tag-psi","11":"first","12":"instock","13":"sale","14":"taxable","15":"shipping-taxable","16":"purchasable","17":"product-type-simple"},"acf":[],"jetpack_publicize_connections":[],"jetpack_likes_enabled":true,"jetpack_sharing_enabled":true,"_links":{"self":[{"href":"https:\/\/drvet.si\/en\/wp-json\/wp\/v2\/product\/42405","targetHints":{"allow":["GET"]}}],"collection":[{"href":"https:\/\/drvet.si\/en\/wp-json\/wp\/v2\/product"}],"about":[{"href":"https:\/\/drvet.si\/en\/wp-json\/wp\/v2\/types\/product"}],"replies":[{"embeddable":true,"href":"https:\/\/drvet.si\/en\/wp-json\/wp\/v2\/comments?post=42405"}],"version-history":[{"count":4,"href":"https:\/\/drvet.si\/en\/wp-json\/wp\/v2\/product\/42405\/revisions"}],"predecessor-version":[{"id":42410,"href":"https:\/\/drvet.si\/en\/wp-json\/wp\/v2\/product\/42405\/revisions\/42410"}],"wp:featuredmedia":[{"embeddable":true,"href":"https:\/\/drvet.si\/en\/wp-json\/wp\/v2\/media\/42406"}],"wp:attachment":[{"href":"https:\/\/drvet.si\/en\/wp-json\/wp\/v2\/media?parent=42405"}],"wp:term":[{"taxonomy":"product_brand","embeddable":true,"href":"https:\/\/drvet.si\/en\/wp-json\/wp\/v2\/product_brand?post=42405"},{"taxonomy":"product_cat","embeddable":true,"href":"https:\/\/drvet.si\/en\/wp-json\/wp\/v2\/product_cat?post=42405"},{"taxonomy":"product_tag","embeddable":true,"href":"https:\/\/drvet.si\/en\/wp-json\/wp\/v2\/product_tag?post=42405"}],"curies":[{"name":"wp","href":"https:\/\/api.w.org\/{rel}","templated":true}]}}