{"id":42378,"date":"2026-01-21T10:31:38","date_gmt":"2026-01-21T09:31:38","guid":{"rendered":"https:\/\/drvet.si\/?post_type=product&#038;p=42378"},"modified":"2026-01-21T12:23:57","modified_gmt":"2026-01-21T11:23:57","slug":"woolf-priboljski-sendvicki-iz-jagnjetine-in-polenovke","status":"publish","type":"product","link":"https:\/\/drvet.si\/en\/product\/woolf-priboljski-sendvicki-iz-jagnjetine-in-polenovke\/","title":{"rendered":"Woolf pribolj\u0161ki &#8211; sendvi\u010dki iz jagnjetine in polenovke"},"content":{"rendered":"<div data-elementor-type=\"wp-post\" data-elementor-id=\"42378\" class=\"elementor elementor-42378\">\n\t\t\t\t<div class=\"elementor-element elementor-element-7752c10 e-con-full e-flex e-con e-parent\" data-id=\"7752c10\" data-element_type=\"container\" data-e-type=\"container\">\n\t\t\t\t<div class=\"hf-elementor-layout elementor-element elementor-element-29fafcea elementor-widget elementor-widget-text-editor\" data-id=\"29fafcea\" data-element_type=\"widget\" data-e-type=\"widget\" data-widget_type=\"text-editor.default\">\n\t\t\t\t<div class=\"elementor-widget-container\">\n\t\t\t\t\t\t\t\t\t<p style=\"background-color: transparent;\" class=\"custom-cursor-default-hover\">Woolf sendvi\u010di z jagnjetino in polenovko predstavljajo popolno kombinacijo okusa in zdravja. Ti dolgi, slastni sendvi\u010dki so zasnovani z mislijo na najvi\u0161jo kakovost, saj vsebujejo 100 % beljakovinske vire, ki zagotavljajo optimalen hranilni vnos za va\u0161ega ljubljen\u010dka.<\/p><p style=\"background-color: transparent;\" class=\"custom-cursor-default-hover\"><strong style=\"background-color: transparent;\" class=\"custom-cursor-default-hover\">Glavne prednosti izdelka:<\/strong><\/p><ul style=\"background-color: transparent;\">\n<li style=\"background-color: transparent;\" class=\"custom-cursor-default-hover\"><strong style=\"background-color: transparent;\">Vrhunske sestavine:<\/strong> Jagnjetina in polenovka sta odli\u010den naraven vir beljakovin, vitaminov in mineralov. Vitamin B12 podpira imunski sistem, medtem ko magnezij krepi odpornost in skrbi za mo\u010dno okostje.<\/li>\n<li style=\"background-color: transparent;\" class=\"custom-cursor-default-hover\"><strong style=\"background-color: transparent;\">Brez \u0161kodljivih dodatkov:<\/strong> Pribolj\u0161ki so kuhani in pakirani brez kakr\u0161nih koli kemi\u010dnih dodatkov, konzervansov ali umetnih barvil.<\/li>\n<li style=\"background-color: transparent;\" class=\"custom-cursor-default-hover\"><strong style=\"background-color: transparent;\">Primerno za ob\u010dutljive pse:<\/strong> Receptura brez glutena in \u017eit omogo\u010da varno u\u017eivanje tudi psom s prehranskimi alergijami ali ob\u010dutljivo prebavo.<\/li>\n<li style=\"background-color: transparent;\" class=\"custom-cursor-default-hover\"><strong style=\"background-color: transparent;\">Univerzalna uporaba:<\/strong> Zaradi svoje oblike in omamnega vonja so sendvi\u010dki odli\u010dni kot nagrada pri \u0161olanju. Primerni so za vse pasme (male, srednje, velike) in vsa starostna obdobja \u2013 od mladi\u010dev do seniorjev.<\/li><\/ul>\t\t\t\t\t\t\t\t<\/div>\n\t\t\t\t<\/div>\n\t\t\t\t<\/div>\n\t\t\t\t<\/div>","protected":false},"excerpt":{"rendered":"<p>Privo\u0161\u010dite svojemu psu nagrado z Woolf dolgimi sendvi\u010di iz jagnjetine in polenovke. Ti so\u010dni pribolj\u0161ki so izdelani iz 100 % kakovostnih virov beljakovin, brez \u017eit in glutena, zato so primerni tudi za ob\u010dutljivej\u0161e pse. Zaradi visoke hranilne vrednosti ter naravne vsebnosti vitamina B12 in magnezija krepijo imunski sistem in skrbijo za zdrave kosti. Idealna izbira za \u0161olanje ali zdrav prigrizek za pse vseh velikosti.<\/p>","protected":false},"featured_media":42384,"comment_status":"open","ping_status":"closed","template":"","meta":{"_acf_changed":false,"advanced_seo_description":"","jetpack_seo_html_title":"","jetpack_seo_noindex":false,"jetpack_publicize_message":"","jetpack_publicize_feature_enabled":true,"jetpack_social_post_already_shared":true,"jetpack_social_options":{"image_generator_settings":{"template":"highway","default_image_id":0,"font":"","enabled":false},"version":2},"_wpas_customize_per_network":false},"product_brand":[1531],"product_cat":[1458],"product_tag":[1487,1469],"class_list":{"0":"post-42378","1":"product","2":"type-product","3":"status-publish","4":"has-post-thumbnail","6":"product_brand-woolf","7":"product_cat-priboljski","8":"product_tag-priboljski","9":"product_tag-psi","11":"first","12":"instock","13":"sale","14":"taxable","15":"shipping-taxable","16":"purchasable","17":"product-type-simple"},"acf":[],"jetpack_publicize_connections":[],"jetpack_likes_enabled":true,"jetpack_sharing_enabled":true,"_links":{"self":[{"href":"https:\/\/drvet.si\/en\/wp-json\/wp\/v2\/product\/42378","targetHints":{"allow":["GET"]}}],"collection":[{"href":"https:\/\/drvet.si\/en\/wp-json\/wp\/v2\/product"}],"about":[{"href":"https:\/\/drvet.si\/en\/wp-json\/wp\/v2\/types\/product"}],"replies":[{"embeddable":true,"href":"https:\/\/drvet.si\/en\/wp-json\/wp\/v2\/comments?post=42378"}],"version-history":[{"count":6,"href":"https:\/\/drvet.si\/en\/wp-json\/wp\/v2\/product\/42378\/revisions"}],"predecessor-version":[{"id":42393,"href":"https:\/\/drvet.si\/en\/wp-json\/wp\/v2\/product\/42378\/revisions\/42393"}],"wp:featuredmedia":[{"embeddable":true,"href":"https:\/\/drvet.si\/en\/wp-json\/wp\/v2\/media\/42384"}],"wp:attachment":[{"href":"https:\/\/drvet.si\/en\/wp-json\/wp\/v2\/media?parent=42378"}],"wp:term":[{"taxonomy":"product_brand","embeddable":true,"href":"https:\/\/drvet.si\/en\/wp-json\/wp\/v2\/product_brand?post=42378"},{"taxonomy":"product_cat","embeddable":true,"href":"https:\/\/drvet.si\/en\/wp-json\/wp\/v2\/product_cat?post=42378"},{"taxonomy":"product_tag","embeddable":true,"href":"https:\/\/drvet.si\/en\/wp-json\/wp\/v2\/product_tag?post=42378"}],"curies":[{"name":"wp","href":"https:\/\/api.w.org\/{rel}","templated":true}]}}