{"id":42228,"date":"2026-01-16T16:25:30","date_gmt":"2026-01-16T15:25:30","guid":{"rendered":"https:\/\/drvet.si\/?post_type=product&#038;p=42228"},"modified":"2026-01-16T16:35:48","modified_gmt":"2026-01-16T15:35:48","slug":"pasja-zatezna-ovratnica-be-nordic-m-crna","status":"publish","type":"product","link":"https:\/\/drvet.si\/en\/product\/pasja-zatezna-ovratnica-be-nordic-m-crna\/","title":{"rendered":"Pasja zatezna ovratnica Be Nordic (M) &#8211; \u010drna"},"content":{"rendered":"<div data-elementor-type=\"wp-post\" data-elementor-id=\"42228\" class=\"elementor elementor-42228\">\n\t\t\t\t<div class=\"elementor-element elementor-element-7752c10 e-flex e-con-boxed e-con e-parent\" data-id=\"7752c10\" data-element_type=\"container\" data-e-type=\"container\">\n\t\t\t\t\t<div class=\"e-con-inner\">\n\t\t\t\t<div class=\"hf-elementor-layout elementor-element elementor-element-29fafcea elementor-widget elementor-widget-text-editor\" data-id=\"29fafcea\" data-element_type=\"widget\" data-e-type=\"widget\" data-widget_type=\"text-editor.default\">\n\t\t\t\t<div class=\"elementor-widget-container\">\n\t\t\t\t\t\t\t\t\t<p class=\"custom-cursor-default-hover\"><font color=\"#171c26\" class=\"custom-cursor-default-hover\">Zatezna ovratnica Trixie Be Nordic&nbsp; je zasnovana za udobno in nadzorovano hojo, \u0161e posebej idealna za pse, ki se lahko izmuznejo iz tradicionalne ovratnice s sponko.&nbsp;<\/font>Zdru\u017euje funkcionalnost z minimalisti\u010dnim videzom. Izdelana je iz <strong style=\"background-color: transparent;\">vrvi<\/strong> in deluje po principu <strong style=\"background-color: transparent;\">zatezne (slip) ovratnice<\/strong>, zato jo lahko hitro nataknete in snamete, hkrati pa omogo\u010da zanesljivo kontrolo pri vodenju psa. Primerna je za vsakodnevne sprehode in uporabo, kjer \u017eelite enostavno opremo brez klasi\u010dne zaponke.&nbsp;<\/p>\n<ul>\n<\/ul>\t\t\t\t\t\t\t\t<\/div>\n\t\t\t\t<\/div>\n\t\t\t\t\t<\/div>\n\t\t\t\t<\/div>\n\t\t\t\t<\/div>","protected":false},"excerpt":{"rendered":"<div class=\"px-8 [@media(max-width:1250px)]:px-[10px] [@media(max-width:1250px)]:max-w-[800px] max-w-[945px] group relative mx-auto flex gap-[9px] rounded-xl mt-2.5 py-3 custom-cursor-default-hover\">\n<div class=\"flex-1 relative \">\n<div class=\"flex\">\n<div class=\"relative min-w-12 grow\">\n<div class=\"relative ml-0.5 max-w-full\" data-id=\"text-isUser-false\">\n<div data-id=\"textUse\">\n<div class=\" prose dark:prose-invert markdown \" dir=\"auto\" data-gramm=\"false\">\n<p class=\"first:mt-1.5! custom-cursor-default-hover\">\u010ce potrebujete pomo\u010d pri nadzoru psa med sprehodi, je elegantna zatezna ovratnica Trixie Be Nordic idealno orodje za vas. Ta prepre\u010duje, da bi pes vlekel, zahvaljujo\u010d pametni uporabi kovinskih obro\u010dkov. Ovratnica je namenjena \u00a0hitremu name\u0161\u010danju ter zanesljivemu vodenju psa.<\/p>\n<\/div>\n<\/div>\n<\/div>\n<\/div>\n<\/div>\n<\/div>\n<\/div>\n","protected":false},"featured_media":42218,"comment_status":"open","ping_status":"closed","template":"","meta":{"_acf_changed":false,"advanced_seo_description":"","jetpack_seo_html_title":"","jetpack_seo_noindex":false,"jetpack_publicize_message":"","jetpack_publicize_feature_enabled":true,"jetpack_social_post_already_shared":true,"jetpack_social_options":{"image_generator_settings":{"template":"highway","default_image_id":0,"font":"","enabled":false},"version":2},"_wpas_customize_per_network":false},"product_brand":[1492],"product_cat":[1525],"product_tag":[1527,1469],"class_list":{"0":"post-42228","1":"product","2":"type-product","3":"status-publish","4":"has-post-thumbnail","6":"product_brand-trixie","7":"product_cat-povodci-ovratnice-oprsnice","8":"product_tag-ovratnica","9":"product_tag-psi","11":"first","12":"instock","13":"taxable","14":"shipping-taxable","15":"purchasable","16":"product-type-simple"},"acf":[],"jetpack_publicize_connections":[],"jetpack_likes_enabled":true,"jetpack_sharing_enabled":true,"_links":{"self":[{"href":"https:\/\/drvet.si\/en\/wp-json\/wp\/v2\/product\/42228","targetHints":{"allow":["GET"]}}],"collection":[{"href":"https:\/\/drvet.si\/en\/wp-json\/wp\/v2\/product"}],"about":[{"href":"https:\/\/drvet.si\/en\/wp-json\/wp\/v2\/types\/product"}],"replies":[{"embeddable":true,"href":"https:\/\/drvet.si\/en\/wp-json\/wp\/v2\/comments?post=42228"}],"version-history":[{"count":1,"href":"https:\/\/drvet.si\/en\/wp-json\/wp\/v2\/product\/42228\/revisions"}],"predecessor-version":[{"id":42229,"href":"https:\/\/drvet.si\/en\/wp-json\/wp\/v2\/product\/42228\/revisions\/42229"}],"wp:featuredmedia":[{"embeddable":true,"href":"https:\/\/drvet.si\/en\/wp-json\/wp\/v2\/media\/42218"}],"wp:attachment":[{"href":"https:\/\/drvet.si\/en\/wp-json\/wp\/v2\/media?parent=42228"}],"wp:term":[{"taxonomy":"product_brand","embeddable":true,"href":"https:\/\/drvet.si\/en\/wp-json\/wp\/v2\/product_brand?post=42228"},{"taxonomy":"product_cat","embeddable":true,"href":"https:\/\/drvet.si\/en\/wp-json\/wp\/v2\/product_cat?post=42228"},{"taxonomy":"product_tag","embeddable":true,"href":"https:\/\/drvet.si\/en\/wp-json\/wp\/v2\/product_tag?post=42228"}],"curies":[{"name":"wp","href":"https:\/\/api.w.org\/{rel}","templated":true}]}}