{"id":42202,"date":"2026-01-16T12:20:28","date_gmt":"2026-01-16T11:20:28","guid":{"rendered":"https:\/\/drvet.si\/?post_type=product&#038;p=42202"},"modified":"2026-01-30T10:17:56","modified_gmt":"2026-01-30T09:17:56","slug":"pasja-ovratnica-citystyle-l-sivozelena","status":"publish","type":"product","link":"https:\/\/drvet.si\/en\/product\/pasja-ovratnica-citystyle-l-sivozelena\/","title":{"rendered":"Pasja ovratnica Citystyle (L) &#8211; sivozelena"},"content":{"rendered":"<div data-elementor-type=\"wp-post\" data-elementor-id=\"42202\" class=\"elementor elementor-42202\">\n\t\t\t\t<div class=\"elementor-element elementor-element-7752c10 e-flex e-con-boxed e-con e-parent\" data-id=\"7752c10\" data-element_type=\"container\" data-e-type=\"container\">\n\t\t\t\t\t<div class=\"e-con-inner\">\n\t\t\t\t<div class=\"hf-elementor-layout elementor-element elementor-element-29fafcea elementor-widget elementor-widget-text-editor\" data-id=\"29fafcea\" data-element_type=\"widget\" data-e-type=\"widget\" data-widget_type=\"text-editor.default\">\n\t\t\t\t<div class=\"elementor-widget-container\">\n\t\t\t\t\t\t\t\t\t<p><strong><span style=\"color: rgb(23, 28, 38);\">Trixie CityStyle je ovratnica za pse izdelana iz trpe\u017enega traku, ki je v celoti prevle\u010den s PVC plastjo. PVC prevleka je&nbsp;<\/span><span style=\"box-sizing: inherit; color: rgb(23, 28, 38);\">vodoodbojna<\/span><span style=\"color: rgb(23, 28, 38);\">&nbsp;in omogo\u010da, da se ovratnica&nbsp;<\/span><span style=\"box-sizing: inherit; color: rgb(23, 28, 38);\">enostavno obri\u0161e<\/span><span style=\"color: rgb(23, 28, 38);\">&nbsp;ter o\u010disti po sprehodih. Ta kombinacija materialov zagotavlja visoko mehansko odpornost in dolgo \u017eivljenjsko dobo izdelka. Zasnovana je z mislijo na funkcionalnost in eleganten videz, kar jo naredi idealno za vsakodnevne sprehode.<\/span><\/strong><\/p><p><strong>Klju\u010dne lastnosti:<\/strong><\/p>\n<ul>\n<li><strong>Vodoodbojnost:<\/strong> Material ne vpija vode, kar prepre\u010duje te\u017eo in nelagodje ob de\u017eju.<\/li>\n<li><strong>Enostavno vzdr\u017eevanje:<\/strong> Povr\u0161ina je gladka in odporna na umazanijo; o\u010disti se samo z brisanjem.&nbsp;<\/li>\n<li><strong>Vzdr\u017eljivost:<\/strong> PVC prevleka \u0161\u010diti notranji trak pred obrabo in zunanjimi vplivi.<\/li>\n<li><strong>Udobje:<\/strong> Kljub robustnosti material ostaja prilagodljiv in se varno oprime vratu psa.<\/li>\n<\/ul>\t\t\t\t\t\t\t\t<\/div>\n\t\t\t\t<\/div>\n\t\t\t\t\t<\/div>\n\t\t\t\t<\/div>\n\t\t\t\t<\/div>","protected":false},"excerpt":{"rendered":"<div class=\"px-8 [@media(max-width:1250px)]:px-[10px] [@media(max-width:1250px)]:max-w-[800px] max-w-[945px] group relative mx-auto flex gap-[9px] rounded-xl mt-2.5 py-3 custom-cursor-default-hover\">\n<div class=\"flex-1 relative \">\n<div class=\"flex\">\n<div class=\"relative min-w-12 grow\">\n<div class=\"relative ml-0.5 max-w-full\" data-id=\"text-isUser-false\">\n<div data-id=\"textUse\">\n<div class=\" prose dark:prose-invert markdown \" dir=\"auto\" data-gramm=\"false\">\n<p class=\"first:mt-1.5! custom-cursor-default-hover\">Trpe\u017ena pasja ovratnica s PVC prevleko zagotavlja visoko mehansko odpornost in dolgo \u017eivljenjsko dobo. Material je popolnoma vodoodbojen, ne vpija vonjav in omogo\u010da enostavno \u010di\u0161\u010denje z brisanjem. Idealna izbira za funkcionalen in eleganten vsakodnevni sprehod v vseh vremenskih pogojih.<\/p>\n<\/div>\n<\/div>\n<\/div>\n<\/div>\n<\/div>\n<\/div>\n<\/div>\n<div class=\"px-8 [@media(max-width:1250px)]:px-[10px] [@media(max-width:1250px)]:max-w-[800px] max-w-[945px] text-bwleftblue mx-auto items-start justify-start flex gap-[22px] rounded-xl h-[64px] custom-cursor-default-hover\" data-id=\"regenerateRouteLLM\">\n<div class=\"mt-4 ml-10\">\n<div class=\"flex items-center gap-2.5 text-darkcolor font-light py-0.5\" data-id=\"regenerateRouteLLM\">\n<div class=\"flex items-center gap-1 border border-bwleftgray dark:border-gray-400 rounded-[14px] px-2 py-[3px] text-xs shadow-xs cursor-pointer hover:bg-bwleftblue\/10 hover:border-bwleftblue hover:text-bwleftblue dark:hover:border-bwleftblue\" data-id=\"option-GPT-5.2\"><\/div>\n<\/div>\n<\/div>\n<\/div>\n","protected":false},"featured_media":42196,"comment_status":"open","ping_status":"closed","template":"","meta":{"_acf_changed":false,"advanced_seo_description":"","jetpack_seo_html_title":"","jetpack_seo_noindex":false,"jetpack_publicize_message":"","jetpack_publicize_feature_enabled":true,"jetpack_social_post_already_shared":true,"jetpack_social_options":{"image_generator_settings":{"template":"highway","default_image_id":0,"font":"","enabled":false},"version":2},"_wpas_customize_per_network":false},"product_brand":[1492],"product_cat":[1525],"product_tag":[1527,1469],"class_list":{"0":"post-42202","1":"product","2":"type-product","3":"status-publish","4":"has-post-thumbnail","6":"product_brand-trixie","7":"product_cat-povodci-ovratnice-oprsnice","8":"product_tag-ovratnica","9":"product_tag-psi","11":"first","12":"outofstock","13":"taxable","14":"shipping-taxable","15":"purchasable","16":"product-type-simple"},"acf":[],"jetpack_publicize_connections":[],"jetpack_likes_enabled":true,"jetpack_sharing_enabled":true,"_links":{"self":[{"href":"https:\/\/drvet.si\/en\/wp-json\/wp\/v2\/product\/42202","targetHints":{"allow":["GET"]}}],"collection":[{"href":"https:\/\/drvet.si\/en\/wp-json\/wp\/v2\/product"}],"about":[{"href":"https:\/\/drvet.si\/en\/wp-json\/wp\/v2\/types\/product"}],"replies":[{"embeddable":true,"href":"https:\/\/drvet.si\/en\/wp-json\/wp\/v2\/comments?post=42202"}],"version-history":[{"count":1,"href":"https:\/\/drvet.si\/en\/wp-json\/wp\/v2\/product\/42202\/revisions"}],"predecessor-version":[{"id":42203,"href":"https:\/\/drvet.si\/en\/wp-json\/wp\/v2\/product\/42202\/revisions\/42203"}],"wp:featuredmedia":[{"embeddable":true,"href":"https:\/\/drvet.si\/en\/wp-json\/wp\/v2\/media\/42196"}],"wp:attachment":[{"href":"https:\/\/drvet.si\/en\/wp-json\/wp\/v2\/media?parent=42202"}],"wp:term":[{"taxonomy":"product_brand","embeddable":true,"href":"https:\/\/drvet.si\/en\/wp-json\/wp\/v2\/product_brand?post=42202"},{"taxonomy":"product_cat","embeddable":true,"href":"https:\/\/drvet.si\/en\/wp-json\/wp\/v2\/product_cat?post=42202"},{"taxonomy":"product_tag","embeddable":true,"href":"https:\/\/drvet.si\/en\/wp-json\/wp\/v2\/product_tag?post=42202"}],"curies":[{"name":"wp","href":"https:\/\/api.w.org\/{rel}","templated":true}]}}