{"id":42131,"date":"2026-01-15T13:12:25","date_gmt":"2026-01-15T12:12:25","guid":{"rendered":"https:\/\/drvet.si\/?post_type=product&#038;p=42131"},"modified":"2026-03-25T17:00:11","modified_gmt":"2026-03-25T16:00:11","slug":"pasja-magnetna-ovratnica-s-25mm-roza","status":"publish","type":"product","link":"https:\/\/drvet.si\/en\/product\/pasja-magnetna-ovratnica-s-25mm-roza\/","title":{"rendered":"Pasja magnetna ovratnica (S) 25mm &#8211; roza"},"content":{"rendered":"<div data-elementor-type=\"wp-post\" data-elementor-id=\"42131\" class=\"elementor elementor-42131\">\n\t\t\t\t<div class=\"elementor-element elementor-element-7752c10 e-flex e-con-boxed e-con e-parent\" data-id=\"7752c10\" data-element_type=\"container\" data-e-type=\"container\">\n\t\t\t\t\t<div class=\"e-con-inner\">\n\t\t\t\t<div class=\"hf-elementor-layout elementor-element elementor-element-29fafcea elementor-widget elementor-widget-text-editor\" data-id=\"29fafcea\" data-element_type=\"widget\" data-e-type=\"widget\" data-widget_type=\"text-editor.default\">\n\t\t\t\t<div class=\"elementor-widget-container\">\n\t\t\t\t\t\t\t\t\t<div class=\"text custom-cursor-default-hover\">\n<p class=\"custom-cursor-default-hover\"><b class=\"custom-cursor-default-hover\">Poliester trak<\/b>&nbsp;zdr\u017ei visoke obremenitve, je odporen na mehanske po\u0161kodbe in UV svetlobo. Ob stiku z vodo se zmo\u010di, vendar material (poliester) ne vpija vode, kar pomeni, da se hitro su\u0161i. Ovratnica se pod obremenitvijo ne bo podalj\u0161ala, \u010demur botruje debelina traku 2 mm in poliester, ki je v primerjavi z ostalimi materiali precej manj raztegljiv.<\/p>\n<p class=\"custom-cursor-default-hover\"><span class=\"custom-cursor-default-hover\" style=\"font-weight: bold; color: #1c1c1c; font-family: 'Open Sans', sans-serif; font-size: 15px; letter-spacing: 1px;\">D-rinka<\/span><span style=\"color: #1c1c1c; font-family: 'Open Sans', sans-serif; font-size: 15px; letter-spacing: 1px;\" class=\"custom-cursor-default-hover\">&nbsp;za pripenjanje povodca je izdelana iz letalskega aluminija, zdr\u017ei visoke obremenitve, je lahka in odporna proti koroziji. Proizvajalec jam\u010di da 25 mm D-rinka zdr\u017ei 345 kg stati\u010dne obremenitve, sami smo jo testirali do 140 kg in je preizkus prestala brez po\u0161kodb.<\/span><\/p>\n<p><b>Magnetna zaponka<\/b>&nbsp;FIDLOCK\u00ae za zapenjanje ovratnice je izdelana iz visoko kvalitetne plastike in nerjave\u010dega jekla (INOX). V njej je vgrajen magnet, ki slu\u017ei preprostemu zapenjanju. S pomo\u010djo priro\u010dne zanke lahko ovratnico enostavno odpnemo. Zaponka je izdelana tako, da se je pod obremenitvijo ne da odpeti. Zaponko lahko dodatno zavarujemo z varovalom proti odpenjanju.<\/p>\n<p>Proizvajalec jam\u010di, da magnetna zaponka zdr\u017ei 70 kg stati\u010dne obremenitve, vendar smo jo mi testirali na 140 kg in je obremenitev zdr\u017eala brez po\u0161kodb.<\/p>\n<\/div>\n<div class=\"text\">\n<p><b>GLAVNE PREDNOSTI:<\/b><\/p>\n<ul>\n<li>Enostavno zapenjanje in odpenjanje magnetne zaponke.<\/li>\n<li>Izredno kvalitetna, mo\u010dna, zanesljiva in lahka D-rinka.<\/li>\n<li>D-rinka za pripenjanje obeska z imenom (ID-tag)<\/li>\n<li>Ve\u010dina komponent ovratnice je iz materialov, namenjeni uporabi v najzahtevnej\u0161ih pogojih (alpinizem, vojska, ipd.).<\/li>\n<li>Ovratnica zdr\u017ei visoke obremenitve.<\/li>\n<li>Moderen in inovativen izgled.<\/li>\n<li>Razvito in ro\u010dno narejeno v Sloveniji.<\/li>\n<li>1 leto garancije!<\/li>\n<\/ul>\n<\/div>\t\t\t\t\t\t\t\t<\/div>\n\t\t\t\t<\/div>\n\t\t\t\t\t<\/div>\n\t\t\t\t<\/div>\n\t\t\t\t<\/div>","protected":false},"excerpt":{"rendered":"<p class=\"custom-cursor-default-hover\">Conor&#8217;s Adventure pasja ovratnica \u0161irine 25 mm je primerna za <b class=\"custom-cursor-default-hover\">vse pasme psov<\/b>.<\/p>\n<p class=\"custom-cursor-default-hover\">Narejena je iz poliester traku \u0161irine 25 mm, lahke aluminijaste D-rinke za pripenjanje povodca in magnetne FIDLOCK\u00ae zaponke. Vse Conor&#8217;s Adventure ovratnice so za\u0161ite z varnostnimi \u0161ivi, ki se uporabljajo pri alpinisti\u010dni in voja\u0161ki opremi.<\/p>","protected":false},"featured_media":42132,"comment_status":"open","ping_status":"closed","template":"","meta":{"_acf_changed":false,"advanced_seo_description":"","jetpack_seo_html_title":"","jetpack_seo_noindex":false,"jetpack_publicize_message":"","jetpack_publicize_feature_enabled":true,"jetpack_social_post_already_shared":true,"jetpack_social_options":{"image_generator_settings":{"template":"highway","default_image_id":0,"font":"","enabled":false},"version":2},"_wpas_customize_per_network":false},"product_brand":[1526],"product_cat":[1525],"product_tag":[1527,1469],"class_list":{"0":"post-42131","1":"product","2":"type-product","3":"status-publish","4":"has-post-thumbnail","6":"product_brand-conors-adventure","7":"product_cat-povodci-ovratnice-oprsnice","8":"product_tag-ovratnica","9":"product_tag-psi","11":"first","12":"instock","13":"taxable","14":"shipping-taxable","15":"purchasable","16":"product-type-simple"},"acf":[],"jetpack_publicize_connections":[],"jetpack_likes_enabled":true,"jetpack_sharing_enabled":true,"_links":{"self":[{"href":"https:\/\/drvet.si\/en\/wp-json\/wp\/v2\/product\/42131","targetHints":{"allow":["GET"]}}],"collection":[{"href":"https:\/\/drvet.si\/en\/wp-json\/wp\/v2\/product"}],"about":[{"href":"https:\/\/drvet.si\/en\/wp-json\/wp\/v2\/types\/product"}],"replies":[{"embeddable":true,"href":"https:\/\/drvet.si\/en\/wp-json\/wp\/v2\/comments?post=42131"}],"version-history":[{"count":1,"href":"https:\/\/drvet.si\/en\/wp-json\/wp\/v2\/product\/42131\/revisions"}],"predecessor-version":[{"id":42133,"href":"https:\/\/drvet.si\/en\/wp-json\/wp\/v2\/product\/42131\/revisions\/42133"}],"wp:featuredmedia":[{"embeddable":true,"href":"https:\/\/drvet.si\/en\/wp-json\/wp\/v2\/media\/42132"}],"wp:attachment":[{"href":"https:\/\/drvet.si\/en\/wp-json\/wp\/v2\/media?parent=42131"}],"wp:term":[{"taxonomy":"product_brand","embeddable":true,"href":"https:\/\/drvet.si\/en\/wp-json\/wp\/v2\/product_brand?post=42131"},{"taxonomy":"product_cat","embeddable":true,"href":"https:\/\/drvet.si\/en\/wp-json\/wp\/v2\/product_cat?post=42131"},{"taxonomy":"product_tag","embeddable":true,"href":"https:\/\/drvet.si\/en\/wp-json\/wp\/v2\/product_tag?post=42131"}],"curies":[{"name":"wp","href":"https:\/\/api.w.org\/{rel}","templated":true}]}}