{"id":41906,"date":"2026-01-06T16:53:13","date_gmt":"2026-01-06T15:53:13","guid":{"rendered":"https:\/\/drvet.si\/?post_type=product&#038;p=41906"},"modified":"2026-01-06T17:19:15","modified_gmt":"2026-01-06T16:19:15","slug":"icf-zincoseb-sampon-za-pse-in-macke-s-srbeco-kozo-ki-se-lusci-250ml","status":"publish","type":"product","link":"https:\/\/drvet.si\/en\/product\/icf-zincoseb-sampon-za-pse-in-macke-s-srbeco-kozo-ki-se-lusci-250ml\/","title":{"rendered":"ICF | Zincoseb \u0161ampon za pse in ma\u010dke s srbe\u010do ko\u017eo, ki se lu\u0161\u010di 250ml"},"content":{"rendered":"<div data-elementor-type=\"wp-post\" data-elementor-id=\"41906\" class=\"elementor elementor-41906\">\n\t\t\t\t<div class=\"elementor-element elementor-element-1ab89c01 e-flex e-con-boxed e-con e-parent\" data-id=\"1ab89c01\" data-element_type=\"container\" data-e-type=\"container\">\n\t\t\t\t\t<div class=\"e-con-inner\">\n\t\t\t\t<div class=\"hf-elementor-layout elementor-element elementor-element-67880a2d elementor-widget elementor-widget-text-editor\" data-id=\"67880a2d\" data-element_type=\"widget\" data-e-type=\"widget\" data-widget_type=\"text-editor.default\">\n\t\t\t\t<div class=\"elementor-widget-container\">\n\t\t\t\t\t\t\t\t\t<p><strong>Zincoseb \u0161ampon z blagim delovanjem, ki uravnava nastajanje sebuma pri prsih in ma\u010dkah<\/strong><\/p><p>Zincoseb \u0161ampon se uporablja v primeru lu\u0161\u010denja ko\u017ee in srbenja.\u00a0<\/p><p>Zahvaljujo\u010d naravnemu delovanje koloidnega \u017evepla in salicilne kisline vzpodbuja obnavljanje ko\u017ee v primerih seboreje in prhljaja. Poleg tega vzpostavlja ponovno ravnote\u017eje in tako prepre\u010duje lu\u0161\u010denje ko\u017ee. Sinergija med tema dvema aktivnima substancama in cinkovim glukonatom krepi vitalnost in naravno delovanje ko\u017ee in dlake, zmanj\u0161uje napetost in bla\u017ei srbe\u010dico. Prisotnost lanolina, ki ima mo\u010dne vla\u017eilne u\u010dinke, vzpodbuja obnavljanje ko\u017ee. Lahka odi\u0161avljenost pomaga prekriti neprijeten vonj, ki nastaja pri lu\u0161\u010denju ko\u017ee.<\/p><p>\u00a0<\/p>\t\t\t\t\t\t\t\t<\/div>\n\t\t\t\t<\/div>\n\t\t\t\t\t<\/div>\n\t\t\t\t<\/div>\n\t\t\t\t<\/div>","protected":false},"excerpt":{"rendered":"<p>Zincoseb \u0161ampon se uporablja v primeru lu\u0161\u010denja ko\u017ee in srbenja.<\/p>","protected":false},"featured_media":41907,"comment_status":"open","ping_status":"closed","template":"","meta":{"_acf_changed":false,"advanced_seo_description":"","jetpack_seo_html_title":"","jetpack_seo_noindex":false,"jetpack_publicize_message":"","jetpack_publicize_feature_enabled":true,"jetpack_social_post_already_shared":true,"jetpack_social_options":{"image_generator_settings":{"template":"highway","default_image_id":0,"font":"","enabled":false},"version":2},"_wpas_customize_per_network":false},"product_brand":[1497],"product_cat":[1496,1495],"product_tag":[1498,1499],"class_list":{"0":"post-41906","1":"product","2":"type-product","3":"status-publish","4":"has-post-thumbnail","6":"product_brand-icf","7":"product_cat-medicinski-samponi","8":"product_cat-samponi","9":"product_tag-alergije","10":"product_tag-kozne-tezave","12":"first","13":"instock","14":"featured","15":"taxable","16":"shipping-taxable","17":"purchasable","18":"product-type-simple"},"acf":[],"jetpack_publicize_connections":[],"jetpack_likes_enabled":true,"jetpack_sharing_enabled":true,"_links":{"self":[{"href":"https:\/\/drvet.si\/en\/wp-json\/wp\/v2\/product\/41906","targetHints":{"allow":["GET"]}}],"collection":[{"href":"https:\/\/drvet.si\/en\/wp-json\/wp\/v2\/product"}],"about":[{"href":"https:\/\/drvet.si\/en\/wp-json\/wp\/v2\/types\/product"}],"replies":[{"embeddable":true,"href":"https:\/\/drvet.si\/en\/wp-json\/wp\/v2\/comments?post=41906"}],"version-history":[{"count":5,"href":"https:\/\/drvet.si\/en\/wp-json\/wp\/v2\/product\/41906\/revisions"}],"predecessor-version":[{"id":41916,"href":"https:\/\/drvet.si\/en\/wp-json\/wp\/v2\/product\/41906\/revisions\/41916"}],"wp:featuredmedia":[{"embeddable":true,"href":"https:\/\/drvet.si\/en\/wp-json\/wp\/v2\/media\/41907"}],"wp:attachment":[{"href":"https:\/\/drvet.si\/en\/wp-json\/wp\/v2\/media?parent=41906"}],"wp:term":[{"taxonomy":"product_brand","embeddable":true,"href":"https:\/\/drvet.si\/en\/wp-json\/wp\/v2\/product_brand?post=41906"},{"taxonomy":"product_cat","embeddable":true,"href":"https:\/\/drvet.si\/en\/wp-json\/wp\/v2\/product_cat?post=41906"},{"taxonomy":"product_tag","embeddable":true,"href":"https:\/\/drvet.si\/en\/wp-json\/wp\/v2\/product_tag?post=41906"}],"curies":[{"name":"wp","href":"https:\/\/api.w.org\/{rel}","templated":true}]}}