{"id":41875,"date":"2026-01-06T13:58:05","date_gmt":"2026-01-06T12:58:05","guid":{"rendered":"https:\/\/drvet.si\/?post_type=product&#038;p=41875"},"modified":"2026-01-06T14:07:11","modified_gmt":"2026-01-06T13:07:11","slug":"lysine-250","status":"publish","type":"product","link":"https:\/\/drvet.si\/en\/product\/lysine-250\/","title":{"rendered":"Lysine 250"},"content":{"rendered":"<div data-elementor-type=\"wp-post\" data-elementor-id=\"41875\" class=\"elementor elementor-41875\">\n\t\t\t\t<div class=\"elementor-element elementor-element-7752c10 e-flex e-con-boxed e-con e-parent\" data-id=\"7752c10\" data-element_type=\"container\" data-e-type=\"container\">\n\t\t\t\t\t<div class=\"e-con-inner\">\n\t\t\t\t<div class=\"hf-elementor-layout elementor-element elementor-element-29fafcea elementor-widget elementor-widget-text-editor\" data-id=\"29fafcea\" data-element_type=\"widget\" data-e-type=\"widget\" data-widget_type=\"text-editor.default\">\n\t\t\t\t<div class=\"elementor-widget-container\">\n\t\t\t\t\t\t\t\t\t<p>Virusne oku\u017ebe dihalnega trakta so lahko resne, posebej tam, kjer se nahaja ve\u010dje \u0161tevilo ma\u010dk skupaj. Oku\u017ebe zgornjega dihalnega trakta povzro\u010dene z virusom herpesa 1 predstavljajo pribli\u017eno polovico vseh respiratornih oku\u017eb pri ma\u010dkah.<\/p><p>Dodajanje vsaj 400 mg L-lizina dokazano zmanj\u0161a prenos virusa v okolico ter ubla\u017ei klini\u010dne znake oku\u017ebe<br \/>Pri subklini\u010dno oku\u017eenih ma\u010dkah prepre\u010di pojav ali omili klini\u010dne znake oku\u017ebe s herpes virusom 1.<\/p>\t\t\t\t\t\t\t\t<\/div>\n\t\t\t\t<\/div>\n\t\t\t\t\t<\/div>\n\t\t\t\t<\/div>\n\t\t\t\t<\/div>","protected":false},"excerpt":{"rendered":"<p>Lizin za prepre\u010devanje oku\u017ebe in \u0161irjenja virusa herpes 1<\/p>","protected":false},"featured_media":41876,"comment_status":"open","ping_status":"closed","template":"","meta":{"_acf_changed":false,"advanced_seo_description":"","jetpack_seo_html_title":"","jetpack_seo_noindex":false,"jetpack_publicize_message":"","jetpack_publicize_feature_enabled":true,"jetpack_social_post_already_shared":true,"jetpack_social_options":{"image_generator_settings":{"template":"highway","default_image_id":0,"font":"","enabled":false},"version":2},"_wpas_customize_per_network":false},"product_brand":[],"product_cat":[1441],"product_tag":[1521,1467],"class_list":{"0":"post-41875","1":"product","2":"type-product","3":"status-publish","4":"has-post-thumbnail","6":"product_cat-prehranska_dopolnila","7":"product_tag-herpes","8":"product_tag-macke","10":"first","11":"instock","12":"taxable","13":"shipping-taxable","14":"purchasable","15":"product-type-simple"},"acf":[],"jetpack_publicize_connections":[],"jetpack_likes_enabled":true,"jetpack_sharing_enabled":true,"_links":{"self":[{"href":"https:\/\/drvet.si\/en\/wp-json\/wp\/v2\/product\/41875","targetHints":{"allow":["GET"]}}],"collection":[{"href":"https:\/\/drvet.si\/en\/wp-json\/wp\/v2\/product"}],"about":[{"href":"https:\/\/drvet.si\/en\/wp-json\/wp\/v2\/types\/product"}],"replies":[{"embeddable":true,"href":"https:\/\/drvet.si\/en\/wp-json\/wp\/v2\/comments?post=41875"}],"version-history":[{"count":4,"href":"https:\/\/drvet.si\/en\/wp-json\/wp\/v2\/product\/41875\/revisions"}],"predecessor-version":[{"id":41880,"href":"https:\/\/drvet.si\/en\/wp-json\/wp\/v2\/product\/41875\/revisions\/41880"}],"wp:featuredmedia":[{"embeddable":true,"href":"https:\/\/drvet.si\/en\/wp-json\/wp\/v2\/media\/41876"}],"wp:attachment":[{"href":"https:\/\/drvet.si\/en\/wp-json\/wp\/v2\/media?parent=41875"}],"wp:term":[{"taxonomy":"product_brand","embeddable":true,"href":"https:\/\/drvet.si\/en\/wp-json\/wp\/v2\/product_brand?post=41875"},{"taxonomy":"product_cat","embeddable":true,"href":"https:\/\/drvet.si\/en\/wp-json\/wp\/v2\/product_cat?post=41875"},{"taxonomy":"product_tag","embeddable":true,"href":"https:\/\/drvet.si\/en\/wp-json\/wp\/v2\/product_tag?post=41875"}],"curies":[{"name":"wp","href":"https:\/\/api.w.org\/{rel}","templated":true}]}}