{"id":41606,"date":"2025-11-29T23:19:39","date_gmt":"2025-11-29T22:19:39","guid":{"rendered":"https:\/\/drvet.si\/?post_type=product&#038;p=41606"},"modified":"2025-11-29T23:27:01","modified_gmt":"2025-11-29T22:27:01","slug":"vets-best-naprstniki-za-ciscenje-zob","status":"publish","type":"product","link":"https:\/\/drvet.si\/en\/product\/vets-best-naprstniki-za-ciscenje-zob\/","title":{"rendered":"Vet\u2019s best naprstniki za \u010di\u0161\u010denje zob"},"content":{"rendered":"<div data-elementor-type=\"wp-post\" data-elementor-id=\"41606\" class=\"elementor elementor-41606\">\n\t\t\t\t<div class=\"elementor-element elementor-element-1ab89c01 e-flex e-con-boxed e-con e-parent\" data-id=\"1ab89c01\" data-element_type=\"container\" data-e-type=\"container\">\n\t\t\t\t\t<div class=\"e-con-inner\">\n\t\t\t\t<div class=\"hf-elementor-layout elementor-element elementor-element-67880a2d elementor-widget elementor-widget-text-editor\" data-id=\"67880a2d\" data-element_type=\"widget\" data-e-type=\"widget\" data-widget_type=\"text-editor.default\">\n\t\t\t\t<div class=\"elementor-widget-container\">\n\t\t\t\t\t\t\t\t\t<p>Vet\u2019s Best naprstniki za \u010di\u0161\u010denje zob nudijo u\u010dinkovit na\u010din za \u010di\u0161\u010denje zob va\u0161ega ljubljen\u010dka in ohranjanje oralne higiene. Redna uporaba Vet\u2019s Best naprstnikov za \u010di\u0161\u010denje zob pomaga zmanj\u0161evati zobne obloge in ohranjati sve\u017e zadah. Naprstniki so zasnovani tako, da imate popoln nadzor nad samim pritiskom in intenzivnostjo \u010di\u0161\u010denja zob.<\/p><p>Pakiranje vsebuje 50 naprstnikov (prepojenih s teko\u010dino za dentalno higieno) za enkratno uporabo.<\/p><p>Vet\u2019s Best \u017ee ve\u010d kot 30 let nudi izdelke, ki va\u0161emu ljubljen\u010dku nudijo podporo za ohranjanje zdravja!<\/p>\t\t\t\t\t\t\t\t<\/div>\n\t\t\t\t<\/div>\n\t\t\t\t\t<\/div>\n\t\t\t\t<\/div>\n\t\t\t\t<\/div>","protected":false},"excerpt":{"rendered":"<p>(50 naprstnikov)<\/p>\n<p>Vet\u2019s Best naprstniki nudijo u\u010dinkovit na\u010din za \u010di\u0161\u010denje zob va\u0161ega ljubljen\u010dka in ohranjanje oralne higiene.<\/p>","protected":false},"featured_media":41608,"comment_status":"open","ping_status":"closed","template":"","meta":{"_acf_changed":false,"advanced_seo_description":"","jetpack_seo_html_title":"","jetpack_seo_noindex":false,"jetpack_publicize_message":"","jetpack_publicize_feature_enabled":true,"jetpack_social_post_already_shared":true,"jetpack_social_options":{"image_generator_settings":{"template":"highway","default_image_id":0,"font":"","enabled":false},"version":2},"_wpas_customize_per_network":false},"product_brand":[],"product_cat":[1484],"product_tag":[1472,1485,1467,1469],"class_list":{"0":"post-41606","1":"product","2":"type-product","3":"status-publish","4":"has-post-thumbnail","6":"product_cat-izdelki-za-nego-zob","7":"product_tag-higiena","8":"product_tag-higiena-zob","9":"product_tag-macke","10":"product_tag-psi","12":"first","13":"instock","14":"sale","15":"featured","16":"taxable","17":"shipping-taxable","18":"purchasable","19":"product-type-simple"},"acf":[],"jetpack_publicize_connections":[],"jetpack_likes_enabled":true,"jetpack_sharing_enabled":true,"_links":{"self":[{"href":"https:\/\/drvet.si\/en\/wp-json\/wp\/v2\/product\/41606","targetHints":{"allow":["GET"]}}],"collection":[{"href":"https:\/\/drvet.si\/en\/wp-json\/wp\/v2\/product"}],"about":[{"href":"https:\/\/drvet.si\/en\/wp-json\/wp\/v2\/types\/product"}],"replies":[{"embeddable":true,"href":"https:\/\/drvet.si\/en\/wp-json\/wp\/v2\/comments?post=41606"}],"version-history":[{"count":5,"href":"https:\/\/drvet.si\/en\/wp-json\/wp\/v2\/product\/41606\/revisions"}],"predecessor-version":[{"id":41613,"href":"https:\/\/drvet.si\/en\/wp-json\/wp\/v2\/product\/41606\/revisions\/41613"}],"wp:featuredmedia":[{"embeddable":true,"href":"https:\/\/drvet.si\/en\/wp-json\/wp\/v2\/media\/41608"}],"wp:attachment":[{"href":"https:\/\/drvet.si\/en\/wp-json\/wp\/v2\/media?parent=41606"}],"wp:term":[{"taxonomy":"product_brand","embeddable":true,"href":"https:\/\/drvet.si\/en\/wp-json\/wp\/v2\/product_brand?post=41606"},{"taxonomy":"product_cat","embeddable":true,"href":"https:\/\/drvet.si\/en\/wp-json\/wp\/v2\/product_cat?post=41606"},{"taxonomy":"product_tag","embeddable":true,"href":"https:\/\/drvet.si\/en\/wp-json\/wp\/v2\/product_tag?post=41606"}],"curies":[{"name":"wp","href":"https:\/\/api.w.org\/{rel}","templated":true}]}}