{"id":41564,"date":"2025-11-26T23:35:57","date_gmt":"2025-11-26T22:35:57","guid":{"rendered":"https:\/\/drvet.si\/?post_type=product&#038;p=41564"},"modified":"2025-11-26T23:43:08","modified_gmt":"2025-11-26T22:43:08","slug":"trixie-bozicna-igracka-za-macke-los-medenjak-2-kosa","status":"publish","type":"product","link":"https:\/\/drvet.si\/en\/product\/trixie-bozicna-igracka-za-macke-los-medenjak-2-kosa\/","title":{"rendered":"Trixie bo\u017ei\u010dna igra\u010dka za ma\u010dke los\/medenjak 2 kosa"},"content":{"rendered":"<div data-elementor-type=\"wp-post\" data-elementor-id=\"41564\" class=\"elementor elementor-41564\">\n\t\t\t\t<div class=\"elementor-element elementor-element-5a36d36 e-flex e-con-boxed e-con e-parent\" data-id=\"5a36d36\" data-element_type=\"container\" data-e-type=\"container\">\n\t\t\t\t\t<div class=\"e-con-inner\">\n\t\t\t\t\t<\/div>\n\t\t\t\t<\/div>\n\t\t\t\t<\/div>","protected":false},"excerpt":{"rendered":"","protected":false},"featured_media":41565,"comment_status":"open","ping_status":"closed","template":"","meta":{"_acf_changed":false,"advanced_seo_description":"","jetpack_seo_html_title":"","jetpack_seo_noindex":false,"jetpack_publicize_message":"","jetpack_publicize_feature_enabled":true,"jetpack_social_post_already_shared":true,"jetpack_social_options":{"image_generator_settings":{"template":"highway","default_image_id":0,"font":"","enabled":false},"version":2},"_wpas_customize_per_network":false},"product_brand":[1492],"product_cat":[1478,1491],"product_tag":[1493],"class_list":{"0":"post-41564","1":"product","2":"type-product","3":"status-publish","4":"has-post-thumbnail","6":"product_brand-trixie","7":"product_cat-bozicna-darila","8":"product_cat-igrace","9":"product_tag-igrace","11":"first","12":"instock","13":"sale","14":"taxable","15":"shipping-taxable","16":"purchasable","17":"product-type-simple"},"acf":[],"jetpack_publicize_connections":[],"jetpack_likes_enabled":true,"jetpack_sharing_enabled":true,"_links":{"self":[{"href":"https:\/\/drvet.si\/en\/wp-json\/wp\/v2\/product\/41564","targetHints":{"allow":["GET"]}}],"collection":[{"href":"https:\/\/drvet.si\/en\/wp-json\/wp\/v2\/product"}],"about":[{"href":"https:\/\/drvet.si\/en\/wp-json\/wp\/v2\/types\/product"}],"replies":[{"embeddable":true,"href":"https:\/\/drvet.si\/en\/wp-json\/wp\/v2\/comments?post=41564"}],"version-history":[{"count":2,"href":"https:\/\/drvet.si\/en\/wp-json\/wp\/v2\/product\/41564\/revisions"}],"predecessor-version":[{"id":41567,"href":"https:\/\/drvet.si\/en\/wp-json\/wp\/v2\/product\/41564\/revisions\/41567"}],"wp:featuredmedia":[{"embeddable":true,"href":"https:\/\/drvet.si\/en\/wp-json\/wp\/v2\/media\/41565"}],"wp:attachment":[{"href":"https:\/\/drvet.si\/en\/wp-json\/wp\/v2\/media?parent=41564"}],"wp:term":[{"taxonomy":"product_brand","embeddable":true,"href":"https:\/\/drvet.si\/en\/wp-json\/wp\/v2\/product_brand?post=41564"},{"taxonomy":"product_cat","embeddable":true,"href":"https:\/\/drvet.si\/en\/wp-json\/wp\/v2\/product_cat?post=41564"},{"taxonomy":"product_tag","embeddable":true,"href":"https:\/\/drvet.si\/en\/wp-json\/wp\/v2\/product_tag?post=41564"}],"curies":[{"name":"wp","href":"https:\/\/api.w.org\/{rel}","templated":true}]}}