{"id":41519,"date":"2025-11-25T00:18:33","date_gmt":"2025-11-24T23:18:33","guid":{"rendered":"https:\/\/drvet.si\/?post_type=product&#038;p=41519"},"modified":"2025-11-25T00:28:52","modified_gmt":"2025-11-24T23:28:52","slug":"boil-and-broth-juha-v-prahu-za-pse-konj-35g","status":"publish","type":"product","link":"https:\/\/drvet.si\/en\/product\/boil-and-broth-juha-v-prahu-za-pse-konj-35g\/","title":{"rendered":"Boil and Broth juha v prahu za pse &#8211; konj 35g"},"content":{"rendered":"<div data-elementor-type=\"wp-post\" data-elementor-id=\"41519\" class=\"elementor elementor-41519\">\n\t\t\t\t<div class=\"elementor-element elementor-element-5a36d36 e-flex e-con-boxed e-con e-parent\" data-id=\"5a36d36\" data-element_type=\"container\" data-e-type=\"container\">\n\t\t\t\t\t<div class=\"e-con-inner\">\n\t\t\t\t<div class=\"hf-elementor-layout elementor-element elementor-element-a3c6b73 elementor-widget elementor-widget-text-editor\" data-id=\"a3c6b73\" data-element_type=\"widget\" data-e-type=\"widget\" data-widget_type=\"text-editor.default\">\n\t\t\t\t<div class=\"elementor-widget-container\">\n\t\t\t\t\t\t\t\t\t<p class=\"preFade fadeIn\">Dehidriran konjski kostni ju\u0161ni prah. Z dehidracijo kostne juhe (ki je ve\u010dinoma voda) se odstrani vsa voda, zato ostane le pribli\u017eno 5 % beljakovin. Lon\u010dek s 35 grami zadostuje za 750 ml kostne juhe.<\/p>\t\t\t\t\t\t\t\t<\/div>\n\t\t\t\t<\/div>\n\t\t\t\t\t<\/div>\n\t\t\t\t<\/div>\n\t\t\t\t<\/div>","protected":false},"excerpt":{"rendered":"<h4 class=\"preFade fadeIn\">Goveja juha v prahu za pse, hranljiv in naraven dodatek za podporo zdravja.<\/h4>","protected":false},"featured_media":41520,"comment_status":"open","ping_status":"closed","template":"","meta":{"_acf_changed":false,"advanced_seo_description":"","jetpack_seo_html_title":"","jetpack_seo_noindex":false,"jetpack_publicize_message":"","jetpack_publicize_feature_enabled":true,"jetpack_social_post_already_shared":true,"jetpack_social_options":{"image_generator_settings":{"template":"highway","default_image_id":0,"font":"","enabled":false},"version":2},"_wpas_customize_per_network":false},"product_brand":[1489],"product_cat":[1441],"product_tag":[1490,1452,1468],"class_list":{"0":"post-41519","1":"product","2":"type-product","3":"status-publish","4":"has-post-thumbnail","6":"product_brand-boil-broth","7":"product_cat-prehranska_dopolnila","8":"product_tag-juha-za-pse","9":"product_tag-prebavila","10":"product_tag-probiotiki","12":"first","13":"instock","14":"sale","15":"taxable","16":"shipping-taxable","17":"purchasable","18":"product-type-simple"},"acf":[],"jetpack_publicize_connections":[],"jetpack_likes_enabled":true,"jetpack_sharing_enabled":true,"_links":{"self":[{"href":"https:\/\/drvet.si\/en\/wp-json\/wp\/v2\/product\/41519","targetHints":{"allow":["GET"]}}],"collection":[{"href":"https:\/\/drvet.si\/en\/wp-json\/wp\/v2\/product"}],"about":[{"href":"https:\/\/drvet.si\/en\/wp-json\/wp\/v2\/types\/product"}],"replies":[{"embeddable":true,"href":"https:\/\/drvet.si\/en\/wp-json\/wp\/v2\/comments?post=41519"}],"version-history":[{"count":4,"href":"https:\/\/drvet.si\/en\/wp-json\/wp\/v2\/product\/41519\/revisions"}],"predecessor-version":[{"id":41524,"href":"https:\/\/drvet.si\/en\/wp-json\/wp\/v2\/product\/41519\/revisions\/41524"}],"wp:featuredmedia":[{"embeddable":true,"href":"https:\/\/drvet.si\/en\/wp-json\/wp\/v2\/media\/41520"}],"wp:attachment":[{"href":"https:\/\/drvet.si\/en\/wp-json\/wp\/v2\/media?parent=41519"}],"wp:term":[{"taxonomy":"product_brand","embeddable":true,"href":"https:\/\/drvet.si\/en\/wp-json\/wp\/v2\/product_brand?post=41519"},{"taxonomy":"product_cat","embeddable":true,"href":"https:\/\/drvet.si\/en\/wp-json\/wp\/v2\/product_cat?post=41519"},{"taxonomy":"product_tag","embeddable":true,"href":"https:\/\/drvet.si\/en\/wp-json\/wp\/v2\/product_tag?post=41519"}],"curies":[{"name":"wp","href":"https:\/\/api.w.org\/{rel}","templated":true}]}}