{"id":41453,"date":"2025-11-24T22:29:38","date_gmt":"2025-11-24T21:29:38","guid":{"rendered":"https:\/\/drvet.si\/?post_type=product&#038;p=41453"},"modified":"2025-11-24T22:44:40","modified_gmt":"2025-11-24T21:44:40","slug":"trovet-hypoallergenic-rabbit-kunec-in-riz-10kg","status":"publish","type":"product","link":"https:\/\/drvet.si\/en\/product\/trovet-hypoallergenic-rabbit-kunec-in-riz-10kg\/","title":{"rendered":"Trovet Hypoallergenic Rabbit &#8211; kunec in ri\u017e 10kg"},"content":{"rendered":"<div data-elementor-type=\"wp-post\" data-elementor-id=\"41453\" class=\"elementor elementor-41453\">\n\t\t\t\t<div class=\"elementor-element elementor-element-4c9f20d9 e-flex e-con-boxed e-con e-parent\" data-id=\"4c9f20d9\" data-element_type=\"container\" data-e-type=\"container\">\n\t\t\t\t\t<div class=\"e-con-inner\">\n\t\t\t\t<div class=\"hf-elementor-layout elementor-element elementor-element-dfb5ad7 elementor-widget elementor-widget-text-editor\" data-id=\"dfb5ad7\" data-element_type=\"widget\" data-e-type=\"widget\" data-widget_type=\"text-editor.default\">\n\t\t\t\t<div class=\"elementor-widget-container\">\n\t\t\t\t\t\t\t\t\t<ul><li>Prepre\u010duje imunolo\u0161ke reakcije (alergije\u00a0na hrano) in neimunolo\u0161ke reakcije (intoleranca na hrano), ki se ka\u017eejo kot te\u017eave s ko\u017eo in\/ali kot prebavne te\u017eave (diareja, bruhanje).<\/li><li>Hranjenje s hipoalergeno hrano bo pomagalo postopoma zmanj\u0161ati srbenje. S tem se bo zmanj\u0161alo praskanje, ki lahko povzro\u010di sekundarne po\u0161kodbe ko\u017ee.<\/li><li>Kunec in ri\u017e redko povzro\u010data alergi\u010dne reakcije.<\/li><li>Hrana je primerna tudi za mladi\u010de, po odstavitvi.<\/li><li>Ri\u017e je dobro prebavljiv vir ogljikovih hidratov.<\/li><\/ul><p>Pred uporabo se je priporo\u010dljivo posvetovati z veterinarjem.<\/p>\t\t\t\t\t\t\t\t<\/div>\n\t\t\t\t<\/div>\n\t\t\t\t\t<\/div>\n\t\t\t\t<\/div>\n\t\t\t\t<\/div>","protected":false},"excerpt":{"rendered":"<p>Hipoalergena hrana za pse s kuncem. Primerna za pse z alergijami in intoleranco na hrano. Dietna hrana temelji na enem viru mesnih beljakovin (kunec) in enem viru ogljikovih hidratov (ri\u017e).<\/p>","protected":false},"featured_media":41460,"comment_status":"open","ping_status":"closed","template":"","meta":{"_acf_changed":false,"advanced_seo_description":"","jetpack_seo_html_title":"","jetpack_seo_noindex":false,"jetpack_publicize_message":"","jetpack_publicize_feature_enabled":true,"jetpack_social_post_already_shared":true,"jetpack_social_options":{"image_generator_settings":{"template":"highway","default_image_id":0,"font":"","enabled":false},"version":2},"_wpas_customize_per_network":false},"product_brand":[1486],"product_cat":[1480,1481],"product_tag":[1483],"class_list":{"0":"post-41453","1":"product","2":"type-product","3":"status-publish","4":"has-post-thumbnail","6":"product_brand-trovet","7":"product_cat-hrana","8":"product_cat-hrana-za-pse","9":"product_tag-hrana-za-pse","11":"first","12":"instock","13":"sale","14":"taxable","15":"shipping-taxable","16":"purchasable","17":"product-type-simple"},"acf":[],"jetpack_publicize_connections":[],"jetpack_likes_enabled":true,"jetpack_sharing_enabled":true,"_links":{"self":[{"href":"https:\/\/drvet.si\/en\/wp-json\/wp\/v2\/product\/41453","targetHints":{"allow":["GET"]}}],"collection":[{"href":"https:\/\/drvet.si\/en\/wp-json\/wp\/v2\/product"}],"about":[{"href":"https:\/\/drvet.si\/en\/wp-json\/wp\/v2\/types\/product"}],"replies":[{"embeddable":true,"href":"https:\/\/drvet.si\/en\/wp-json\/wp\/v2\/comments?post=41453"}],"version-history":[{"count":5,"href":"https:\/\/drvet.si\/en\/wp-json\/wp\/v2\/product\/41453\/revisions"}],"predecessor-version":[{"id":41461,"href":"https:\/\/drvet.si\/en\/wp-json\/wp\/v2\/product\/41453\/revisions\/41461"}],"wp:featuredmedia":[{"embeddable":true,"href":"https:\/\/drvet.si\/en\/wp-json\/wp\/v2\/media\/41460"}],"wp:attachment":[{"href":"https:\/\/drvet.si\/en\/wp-json\/wp\/v2\/media?parent=41453"}],"wp:term":[{"taxonomy":"product_brand","embeddable":true,"href":"https:\/\/drvet.si\/en\/wp-json\/wp\/v2\/product_brand?post=41453"},{"taxonomy":"product_cat","embeddable":true,"href":"https:\/\/drvet.si\/en\/wp-json\/wp\/v2\/product_cat?post=41453"},{"taxonomy":"product_tag","embeddable":true,"href":"https:\/\/drvet.si\/en\/wp-json\/wp\/v2\/product_tag?post=41453"}],"curies":[{"name":"wp","href":"https:\/\/api.w.org\/{rel}","templated":true}]}}