{"id":41442,"date":"2025-11-24T21:00:02","date_gmt":"2025-11-24T20:00:02","guid":{"rendered":"https:\/\/drvet.si\/?post_type=product&#038;p=41442"},"modified":"2026-02-16T16:35:57","modified_gmt":"2026-02-16T15:35:57","slug":"plaqtiv-oral-care-dodatek-za-v-vodo","status":"publish","type":"product","link":"https:\/\/drvet.si\/en\/product\/plaqtiv-oral-care-dodatek-za-v-vodo\/","title":{"rendered":"Plaqtiv+ Oral care &#8211; dodatek za v vodo"},"content":{"rendered":"<div data-elementor-type=\"wp-post\" data-elementor-id=\"41442\" class=\"elementor elementor-41442\">\n\t\t\t\t<div class=\"elementor-element elementor-element-1ab89c01 e-flex e-con-boxed e-con e-parent\" data-id=\"1ab89c01\" data-element_type=\"container\" data-e-type=\"container\">\n\t\t\t\t\t<div class=\"e-con-inner\">\n\t\t\t\t<div class=\"hf-elementor-layout elementor-element elementor-element-67880a2d elementor-widget elementor-widget-text-editor\" data-id=\"67880a2d\" data-element_type=\"widget\" data-e-type=\"widget\" data-widget_type=\"text-editor.default\">\n\t\t\t\t<div class=\"elementor-widget-container\">\n\t\t\t\t\t\t\t\t\t<p style=\"background-color: transparent;\" class=\"custom-cursor-default-hover\">Plaqtiv+ Oral Care Water Additive je koncentriran dodatek za pitno vodo, zasnovan na podlagi znanstvenih dognanj za celovito nego zob in dlesni ma\u010dk ter psov. Klju\u010dna prednost izdelka je tehnologija Xpersiv, ki ve\u017ee minerale in zavira nastajanje zobnega kamna z meh\u010danjem zobnih oblog. Zaradi svoje sestave brez okusa je idealen za \u017eivali, ki ne marajo posegov v ustno votlino, hkrati pa zagotavlja varno uporabo, saj vsebuje izklju\u010dno sestavine, primerne za \u017eivilsko industrijo.<\/p><p style=\"background-color: transparent;\" class=\"custom-cursor-default-hover\">U\u010dinkovitost raztopine je preu\u010dil in potrdil Veterinary Oral Health Council (VOHC), ki ji je podelil pe\u010dat kakovosti za zmanj\u0161evanje zobnega kamna. Vodni dodatek je primeren za vsakodnevno uporabo, \u0161e posebej pa se priporo\u010da kot dopolnilo k ob\u010dasnemu \u0161\u010detkanju zob ali kot ne\u017ena nega pred in po stomatolo\u0161kih posegih, ko je ustna votlina \u017eivali ob\u010dutljiva.&nbsp;<\/p><ul>\n<\/ul>\t\t\t\t\t\t\t\t<\/div>\n\t\t\t\t<\/div>\n\t\t\t\t\t<\/div>\n\t\t\t\t<\/div>\n\t\t\t\t<\/div>","protected":false},"excerpt":{"rendered":"<p>Plaqtiv+ vodni dodatek je priro\u010dna in enostavna re\u0161itev za vsakodnevno izbolj\u0161anje zobne higiene psov in ma\u010dk vseh pasem ter velikosti. Inovativna formula s tehnologijo Xpersiv u\u010dinkovito razgradi oralni biofilm, osve\u017ei dah in pomaga pri boju proti zobnemu kamnu. Izdelek je prejel presti\u017eni pe\u010dat kakovosti VOHC, kar potrjuje njegovo znanstveno dokazano u\u010dinkovitost pri vzdr\u017eevanju dobre ustne higiene va\u0161ega hi\u0161nega ljubljen\u010dka.<\/p>","protected":false},"featured_media":42909,"comment_status":"open","ping_status":"closed","template":"","meta":{"_acf_changed":false,"advanced_seo_description":"","jetpack_seo_html_title":"","jetpack_seo_noindex":false,"jetpack_publicize_message":"","jetpack_publicize_feature_enabled":true,"jetpack_social_post_already_shared":true,"jetpack_social_options":{"image_generator_settings":{"template":"highway","default_image_id":0,"font":"","enabled":false},"version":2},"_wpas_customize_per_network":false},"product_brand":[],"product_cat":[1484],"product_tag":[1472,1485,1467,1469],"class_list":{"0":"post-41442","1":"product","2":"type-product","3":"status-publish","4":"has-post-thumbnail","6":"product_cat-izdelki-za-nego-zob","7":"product_tag-higiena","8":"product_tag-higiena-zob","9":"product_tag-macke","10":"product_tag-psi","12":"first","13":"instock","14":"featured","15":"taxable","16":"shipping-taxable","17":"purchasable","18":"product-type-simple"},"acf":[],"jetpack_publicize_connections":[],"jetpack_likes_enabled":true,"jetpack_sharing_enabled":true,"_links":{"self":[{"href":"https:\/\/drvet.si\/en\/wp-json\/wp\/v2\/product\/41442","targetHints":{"allow":["GET"]}}],"collection":[{"href":"https:\/\/drvet.si\/en\/wp-json\/wp\/v2\/product"}],"about":[{"href":"https:\/\/drvet.si\/en\/wp-json\/wp\/v2\/types\/product"}],"replies":[{"embeddable":true,"href":"https:\/\/drvet.si\/en\/wp-json\/wp\/v2\/comments?post=41442"}],"version-history":[{"count":9,"href":"https:\/\/drvet.si\/en\/wp-json\/wp\/v2\/product\/41442\/revisions"}],"predecessor-version":[{"id":42913,"href":"https:\/\/drvet.si\/en\/wp-json\/wp\/v2\/product\/41442\/revisions\/42913"}],"wp:featuredmedia":[{"embeddable":true,"href":"https:\/\/drvet.si\/en\/wp-json\/wp\/v2\/media\/42909"}],"wp:attachment":[{"href":"https:\/\/drvet.si\/en\/wp-json\/wp\/v2\/media?parent=41442"}],"wp:term":[{"taxonomy":"product_brand","embeddable":true,"href":"https:\/\/drvet.si\/en\/wp-json\/wp\/v2\/product_brand?post=41442"},{"taxonomy":"product_cat","embeddable":true,"href":"https:\/\/drvet.si\/en\/wp-json\/wp\/v2\/product_cat?post=41442"},{"taxonomy":"product_tag","embeddable":true,"href":"https:\/\/drvet.si\/en\/wp-json\/wp\/v2\/product_tag?post=41442"}],"curies":[{"name":"wp","href":"https:\/\/api.w.org\/{rel}","templated":true}]}}