{"id":41432,"date":"2025-11-24T19:14:49","date_gmt":"2025-11-24T18:14:49","guid":{"rendered":"https:\/\/drvet.si\/?post_type=product&#038;p=41432"},"modified":"2025-11-30T22:55:41","modified_gmt":"2025-11-30T21:55:41","slug":"bollsen-dog-gold-zascita-sluha-za-pse-xxs","status":"publish","type":"product","link":"https:\/\/drvet.si\/en\/product\/bollsen-dog-gold-zascita-sluha-za-pse-xxs\/","title":{"rendered":"Bollsen Dog+ GOLD Za\u0161\u010dita sluha za pse (XXS)"},"content":{"rendered":"<div data-elementor-type=\"wp-post\" data-elementor-id=\"41432\" class=\"elementor elementor-41432\">\n\t\t\t\t<div class=\"elementor-element elementor-element-1ab89c01 e-flex e-con-boxed e-con e-parent\" data-id=\"1ab89c01\" data-element_type=\"container\" data-e-type=\"container\">\n\t\t\t\t\t<div class=\"e-con-inner\">\n\t\t\t\t<div class=\"hf-elementor-layout elementor-element elementor-element-67880a2d elementor-widget elementor-widget-text-editor\" data-id=\"67880a2d\" data-element_type=\"widget\" data-e-type=\"widget\" data-widget_type=\"text-editor.default\">\n\t\t\t\t<div class=\"elementor-widget-container\">\n\t\t\t\t\t\t\t\t\t<p>Poskrbi, da bo tudi tvoj najbolj\u0161i prijatelj lahko u\u017eival v prijetni ti\u0161ini tudi v hrupnem okolju. Za\u0161\u010dita sluha BOLLSEN Dog+ za pse zmanj\u0161a glasne zvoke tudi do 27 decibelov. Za mirne \u017eivali in spro\u0161\u010dene lastnike.<\/p><ul><li class=\"bullet-checkmark\">Za\u0161\u010dita sluha za silvestrovo, med nevihto, v letalu ali pri sesanju.<\/li><li class=\"bullet-checkmark\">Primerna za velike in majhne pse z majhnimi ali velikimi u\u0161esi.<\/li><li class=\"bullet-checkmark\">Nastavljiva in mehka, zato jih tvoj ku\u017ea z veseljem nosi.<\/li><li class=\"bullet-checkmark\">40-dnevna garancija vra\u010dila denarja: Preizkusi brez tveganja.<\/li><li class=\"bullet-checkmark\">Dostava iz Slovenije, vra\u010dila v Slovenijo<\/li><li class=\"bullet-checkmark\">Rad bi probal v \u017eivo? Pri nas v Dr. Vet (Perovo 19B. 1290 Grosuplje) dobi\u0161 \u0161e brezpla\u010dni prvi klini\u010dni pregled.<\/li><\/ul>\t\t\t\t\t\t\t\t<\/div>\n\t\t\t\t<\/div>\n\t\t\t\t\t<\/div>\n\t\t\t\t<\/div>\n\t\t\t\t<\/div>","protected":false},"excerpt":{"rendered":"<p>Poskrbi, da bo tudi tvoj najbolj\u0161i prijatelj lahko u\u017eival v prijetni ti\u0161ini tudi v hrupnem okolju. Za\u0161\u010dita sluha BOLLSEN Dog+ za pse zmanj\u0161a glasne zvoke tudi do 27 decibelov. Za mirne \u017eivali in spro\u0161\u010dene lastnike.<\/p>\n<p>VELIKOST: XXS<\/p>","protected":false},"featured_media":41219,"comment_status":"open","ping_status":"closed","template":"","meta":{"_acf_changed":false,"advanced_seo_description":"","jetpack_seo_html_title":"","jetpack_seo_noindex":false,"jetpack_publicize_message":"","jetpack_publicize_feature_enabled":true,"jetpack_social_post_already_shared":true,"jetpack_social_options":{"image_generator_settings":{"template":"highway","default_image_id":0,"font":"","enabled":false},"version":2},"_wpas_customize_per_network":false},"product_brand":[1459],"product_cat":[1460],"product_tag":[],"class_list":{"0":"post-41432","1":"product","2":"type-product","3":"status-publish","4":"has-post-thumbnail","6":"product_brand-bollsen-zascita-sluha-za-pse","7":"product_cat-ostalo","9":"first","10":"instock","11":"featured","12":"taxable","13":"shipping-taxable","14":"purchasable","15":"product-type-simple"},"acf":[],"jetpack_publicize_connections":[],"jetpack_likes_enabled":true,"jetpack_sharing_enabled":true,"_links":{"self":[{"href":"https:\/\/drvet.si\/en\/wp-json\/wp\/v2\/product\/41432","targetHints":{"allow":["GET"]}}],"collection":[{"href":"https:\/\/drvet.si\/en\/wp-json\/wp\/v2\/product"}],"about":[{"href":"https:\/\/drvet.si\/en\/wp-json\/wp\/v2\/types\/product"}],"replies":[{"embeddable":true,"href":"https:\/\/drvet.si\/en\/wp-json\/wp\/v2\/comments?post=41432"}],"version-history":[{"count":2,"href":"https:\/\/drvet.si\/en\/wp-json\/wp\/v2\/product\/41432\/revisions"}],"predecessor-version":[{"id":41439,"href":"https:\/\/drvet.si\/en\/wp-json\/wp\/v2\/product\/41432\/revisions\/41439"}],"wp:featuredmedia":[{"embeddable":true,"href":"https:\/\/drvet.si\/en\/wp-json\/wp\/v2\/media\/41219"}],"wp:attachment":[{"href":"https:\/\/drvet.si\/en\/wp-json\/wp\/v2\/media?parent=41432"}],"wp:term":[{"taxonomy":"product_brand","embeddable":true,"href":"https:\/\/drvet.si\/en\/wp-json\/wp\/v2\/product_brand?post=41432"},{"taxonomy":"product_cat","embeddable":true,"href":"https:\/\/drvet.si\/en\/wp-json\/wp\/v2\/product_cat?post=41432"},{"taxonomy":"product_tag","embeddable":true,"href":"https:\/\/drvet.si\/en\/wp-json\/wp\/v2\/product_tag?post=41432"}],"curies":[{"name":"wp","href":"https:\/\/api.w.org\/{rel}","templated":true}]}}