{"id":41366,"date":"2025-11-24T12:53:14","date_gmt":"2025-11-24T11:53:14","guid":{"rendered":"https:\/\/drvet.si\/?post_type=product&#038;p=41366"},"modified":"2025-11-24T13:29:28","modified_gmt":"2025-11-24T12:29:28","slug":"no-stress-gel","status":"publish","type":"product","link":"https:\/\/drvet.si\/en\/product\/no-stress-gel\/","title":{"rendered":"NO STRESS gel"},"content":{"rendered":"<div data-elementor-type=\"wp-post\" data-elementor-id=\"41366\" class=\"elementor elementor-41366\">\n\t\t\t\t<div class=\"elementor-element elementor-element-4c9f20d9 e-flex e-con-boxed e-con e-parent\" data-id=\"4c9f20d9\" data-element_type=\"container\" data-e-type=\"container\">\n\t\t\t\t\t<div class=\"e-con-inner\">\n\t\t\t\t<div class=\"hf-elementor-layout elementor-element elementor-element-dfb5ad7 elementor-widget elementor-widget-text-editor\" data-id=\"dfb5ad7\" data-element_type=\"widget\" data-e-type=\"widget\" data-widget_type=\"text-editor.default\">\n\t\t\t\t<div class=\"elementor-widget-container\">\n\t\t\t\t\t\t\t\t\t<p><strong>No Stress Gel<\/strong>\u00a0je okusna pasta, ki se priporo\u010da za zmanj\u0161evanje stresa pri \u017eivalih.<\/p><p>Izdelek telesu zagotavlja naravne sestavine (L-triptofan \u2013 esencialna aminokislina), potrebne za sintezo serotonina: enega najpomembnej\u0161ih nevrotransmiterjev, ki uravnavajo spanec, razpolo\u017eenje in vplivajo na razpolo\u017eenje.<\/p><p>\u0160tudije ka\u017eejo, da dajanje L-triptofana pozitivno vpliva na du\u0161evno in telesno pomiritev \u017eivali, saj deluje na osrednji \u017eiv\u010dni sistem, ne da bi pri tem vplival na druge telesne funkcije. Iz\u010drpavanje zalog L-triptofana v mo\u017eganih \u017eivali povzro\u010di spremembe razpolo\u017eenja in pove\u010danje tesnobe. \u0160tevilne \u0161tudije ka\u017eejo, da pove\u010danje koncentracije L-triptofana v mo\u017eganih povzro\u010di pove\u010dano spro\u0161\u010danje \u201ehormona sre\u010de\u201c (serotonina). Dopolnjevanje prehrane \u017eivali z L-triptofanom ugodno vpliva na njihovo vedenje in ubla\u017ei simptome, povezane z morebitnimi anksioznimi reakcijami.<\/p><p>Poleg tega je pasta obogatena z izvle\u010dki pasijonke (Passiflora Incarata) in melise.<\/p><p>Pasijonka se uporablja za odpravljanje nespe\u010dnosti, motenj spanja in te\u017eav s spanjem. Zeli\u0161\u010de je odli\u010dno za laj\u0161anje stanj nemira in tesnobe ter u\u010dinkovito uravnava delovanje srca pri simptomih, zna\u010dilnih za \u017eiv\u010dne motnje. Pomirja reakcije, ki jih povzro\u010dajo visoke ravni stresa.<\/p><p>Listi melise med drugim vsebujejo triterpene, polifenolne kisline, tanine, flavonoide, organske kisline, mineralne soli in eteri\u010dno olje.<\/p><p>in eteri\u010dno olje. Zaradi slednje sestavine ima melisa pomirjujo\u010de lastnosti.<\/p>\t\t\t\t\t\t\t\t<\/div>\n\t\t\t\t<\/div>\n\t\t\t\t\t<\/div>\n\t\t\t\t<\/div>\n\t\t\t\t<\/div>","protected":false},"excerpt":{"rendered":"<p><strong>No Stress Gel<\/strong>\u00a0je okusna pasta, ki se priporo\u010da za zmanj\u0161evanje stresa pri \u017eivalih.<\/p>","protected":false},"featured_media":41367,"comment_status":"open","ping_status":"closed","template":"","meta":{"_acf_changed":false,"advanced_seo_description":"","jetpack_seo_html_title":"","jetpack_seo_noindex":false,"jetpack_publicize_message":"","jetpack_publicize_feature_enabled":true,"jetpack_social_post_already_shared":true,"jetpack_social_options":{"image_generator_settings":{"template":"highway","default_image_id":0,"font":"","enabled":false},"version":2},"_wpas_customize_per_network":false},"product_brand":[1479],"product_cat":[],"product_tag":[1474],"class_list":{"0":"post-41366","1":"product","2":"type-product","3":"status-publish","4":"has-post-thumbnail","6":"product_brand-vetfood","7":"product_tag-strah","9":"first","10":"instock","11":"sale","12":"taxable","13":"shipping-taxable","14":"purchasable","15":"product-type-simple"},"acf":[],"jetpack_publicize_connections":[],"jetpack_likes_enabled":true,"jetpack_sharing_enabled":true,"_links":{"self":[{"href":"https:\/\/drvet.si\/en\/wp-json\/wp\/v2\/product\/41366","targetHints":{"allow":["GET"]}}],"collection":[{"href":"https:\/\/drvet.si\/en\/wp-json\/wp\/v2\/product"}],"about":[{"href":"https:\/\/drvet.si\/en\/wp-json\/wp\/v2\/types\/product"}],"replies":[{"embeddable":true,"href":"https:\/\/drvet.si\/en\/wp-json\/wp\/v2\/comments?post=41366"}],"version-history":[{"count":4,"href":"https:\/\/drvet.si\/en\/wp-json\/wp\/v2\/product\/41366\/revisions"}],"predecessor-version":[{"id":41381,"href":"https:\/\/drvet.si\/en\/wp-json\/wp\/v2\/product\/41366\/revisions\/41381"}],"wp:featuredmedia":[{"embeddable":true,"href":"https:\/\/drvet.si\/en\/wp-json\/wp\/v2\/media\/41367"}],"wp:attachment":[{"href":"https:\/\/drvet.si\/en\/wp-json\/wp\/v2\/media?parent=41366"}],"wp:term":[{"taxonomy":"product_brand","embeddable":true,"href":"https:\/\/drvet.si\/en\/wp-json\/wp\/v2\/product_brand?post=41366"},{"taxonomy":"product_cat","embeddable":true,"href":"https:\/\/drvet.si\/en\/wp-json\/wp\/v2\/product_cat?post=41366"},{"taxonomy":"product_tag","embeddable":true,"href":"https:\/\/drvet.si\/en\/wp-json\/wp\/v2\/product_tag?post=41366"}],"curies":[{"name":"wp","href":"https:\/\/api.w.org\/{rel}","templated":true}]}}