{"id":39448,"date":"2025-05-07T17:36:36","date_gmt":"2025-05-07T15:36:36","guid":{"rendered":"https:\/\/drvet.si\/?page_id=39448"},"modified":"2025-06-24T09:01:37","modified_gmt":"2025-06-24T07:01:37","slug":"zaposlitve","status":"publish","type":"page","link":"https:\/\/drvet.si\/en\/zaposlitve\/","title":{"rendered":"Careers"},"content":{"rendered":"<div data-elementor-type=\"wp-page\" data-elementor-id=\"39448\" class=\"elementor elementor-39448\">\n\t\t\t\t\t\t<section class=\"elementor-section elementor-top-section elementor-element elementor-element-b851a74 elementor-section-boxed elementor-section-height-default elementor-section-height-default\" data-id=\"b851a74\" data-element_type=\"section\" data-e-type=\"section\">\n\t\t\t\t\t\t<div class=\"elementor-container elementor-column-gap-default\">\n\t\t\t\t\t<div class=\"elementor-column elementor-col-100 elementor-top-column elementor-element elementor-element-74c7ffc iq-box-shadow layouts-column-align-inherit layouts-section-position-none\" data-id=\"74c7ffc\" data-element_type=\"column\" data-e-type=\"column\" data-settings=\"{&quot;background_background&quot;:&quot;classic&quot;}\">\n\t\t\t<div class=\"elementor-widget-wrap elementor-element-populated\">\n\t\t\t\t\t\t<div class=\"elementor-section elementor-inner-section elementor-element elementor-element-54f76a0 elementor-section-content-middle elementor-section-boxed elementor-section-height-default elementor-section-height-default\" data-id=\"54f76a0\" data-element_type=\"section\" data-e-type=\"section\">\n\t\t\t\t\t\t<div class=\"elementor-container elementor-column-gap-default\">\n\t\t\t\t\t<div class=\"elementor-column elementor-col-50 elementor-inner-column elementor-element elementor-element-b2bdd32 layouts-column-align-inherit layouts-section-position-none\" data-id=\"b2bdd32\" data-element_type=\"column\" data-e-type=\"column\" data-settings=\"{&quot;background_background&quot;:&quot;classic&quot;}\">\n\t\t\t<div class=\"elementor-widget-wrap elementor-element-populated\">\n\t\t\t\t\t\t<div class=\"hf-elementor-layout elementor-element elementor-element-b1ef9aa elementor-widget elementor-widget-section_title\" data-id=\"b1ef9aa\" data-element_type=\"widget\" data-e-type=\"widget\" data-widget_type=\"section_title.default\">\n\t\t\t\t<div class=\"elementor-widget-container\">\n\t\t\t\t\t\t<div class=\"iq-title-box iq-befor-line\">\n\t\t<div class=\"iq-title-icon\">\n\t\t\t\t\t<\/div>\n\n\t\t<span class=\"iq-subtitle\"> Dr.Vet<\/span>\t\t<h2 class=\"iq-title iq-heading-title\">\n\t\t\t<span class=\"right-text\">Join Us<\/span>\n\t\t\t<span class=\"left-text\"><\/span>\n\t\t<\/h2>\n\t\t\t<\/div>\n   \t\t\t\t<\/div>\n\t\t\t\t<\/div>\n\t\t\t\t\t<\/div>\n\t\t<\/div>\n\t\t\t\t<div class=\"elementor-column elementor-col-50 elementor-inner-column elementor-element elementor-element-36c5846 layouts-column-align-inherit layouts-section-position-none\" data-id=\"36c5846\" data-element_type=\"column\" data-e-type=\"column\">\n\t\t\t<div class=\"elementor-widget-wrap elementor-element-populated\">\n\t\t\t\t\t\t<div class=\"hf-elementor-layout elementor-element elementor-element-82d8a60 elementor-widget elementor-widget-text-editor\" data-id=\"82d8a60\" data-element_type=\"widget\" data-e-type=\"widget\" data-widget_type=\"text-editor.default\">\n\t\t\t\t<div class=\"elementor-widget-container\">\n\t\t\t\t\t\t\t\t\tDo you love dogs and cats and want to revolutionize their health care? Then you\u2019re in the right place! Together with our team, we\u2019re shaping the veterinary care of the future \u2013 with a focus on employee satisfaction, our furry four-legged patients, digital innovation, and an exceptional user experience for pet owners.<br><br>\n\n<span style=\"font-weight: 400;\">You don\u2019t just want to participate, but truly make a difference? Join our team and contribute your ideas to shape the most modern veterinary care. We\u2019re creating a space where a love for animals, team spirit, and modern medicine go hand in hand.<\/span>\t\t\t\t\t\t\t\t<\/div>\n\t\t\t\t<\/div>\n\t\t\t\t\t<\/div>\n\t\t<\/div>\n\t\t\t\t\t<\/div>\n\t\t<\/div>\n\t\t\t\t<div class=\"elementor-section elementor-inner-section elementor-element elementor-element-b321c80 elementor-section-boxed elementor-section-height-default elementor-section-height-default\" data-id=\"b321c80\" data-element_type=\"section\" data-e-type=\"section\">\n\t\t\t\t\t\t<div class=\"elementor-container elementor-column-gap-default\">\n\t\t\t\t\t<div class=\"elementor-column elementor-col-33 elementor-inner-column elementor-element elementor-element-edcbf1b layouts-column-align-inherit layouts-section-position-none\" data-id=\"edcbf1b\" data-element_type=\"column\" data-e-type=\"column\">\n\t\t\t<div class=\"elementor-widget-wrap\">\n\t\t\t\t\t\t\t<\/div>\n\t\t<\/div>\n\t\t\t\t<div class=\"elementor-column elementor-col-33 elementor-inner-column elementor-element elementor-element-a37aa1f layouts-column-align-inherit layouts-section-position-none\" data-id=\"a37aa1f\" data-element_type=\"column\" data-e-type=\"column\">\n\t\t\t<div class=\"elementor-widget-wrap elementor-element-populated\">\n\t\t\t\t\t\t<div class=\"hf-elementor-layout elementor-element elementor-element-9bdedfa elementor-widget elementor-widget-iqonic_icon_box\" data-id=\"9bdedfa\" data-element_type=\"widget\" data-e-type=\"widget\" data-widget_type=\"iqonic_icon_box.default\">\n\t\t\t\t<div class=\"elementor-widget-container\">\n\t\t\t\t\t\t\t<div class=\"iq-icon-box iq-icon-box-style-4\">\n\n\t\t<div class=\"icon-box-img\">\n\t\t\t\t\t<\/div>\n\t\t<div class=\"icon-box-content\">\n\t\t\t\t\t\t\t<h4 class=\"icon-box-title iq-heading-title\">\n\t\t\t\t\t<a >\n\t\t\t\t\t\tWhy Dr.Vet?\t\t\t\t\t<\/a>\n\t\t\t\t<\/h4>\n\t\t\t\t\t\t\t\t\t\t\t<\/div>\n\t<\/div> \t\t\t\t<\/div>\n\t\t\t\t<\/div>\n\t\t\t\t\t<\/div>\n\t\t<\/div>\n\t\t\t\t<div class=\"elementor-column elementor-col-33 elementor-inner-column elementor-element elementor-element-badbef0 layouts-column-align-inherit layouts-section-position-none\" data-id=\"badbef0\" data-element_type=\"column\" data-e-type=\"column\">\n\t\t\t<div class=\"elementor-widget-wrap\">\n\t\t\t\t\t\t\t<\/div>\n\t\t<\/div>\n\t\t\t\t\t<\/div>\n\t\t<\/div>\n\t\t<div class=\"elementor-element elementor-element-4c8378d e-con-full e-flex e-con e-parent\" data-id=\"4c8378d\" data-element_type=\"container\" data-e-type=\"container\">\n\t\t<div class=\"elementor-element elementor-element-e37cee2 e-con-full e-flex e-con e-child\" data-id=\"e37cee2\" data-element_type=\"container\" data-e-type=\"container\">\n\t\t\t\t<div class=\"hf-elementor-layout elementor-element elementor-element-10f7cb7 elementor-widget elementor-widget-iqonic_icon_box\" data-id=\"10f7cb7\" data-element_type=\"widget\" data-e-type=\"widget\" data-widget_type=\"iqonic_icon_box.default\">\n\t\t\t\t<div class=\"elementor-widget-container\">\n\t\t\t\t\t\n\t<div class=\"iq-icon-box iq-icon-box-style-3\">\n\t\t<div class=\"icon-box-img pulse-shrink-on-hover\">\n\t\t\t<img data-recalc-dims=\"1\" decoding=\"async\" src=\"https:\/\/i0.wp.com\/drvet.si\/wp-content\/uploads\/2025\/04\/choose-us-img3.png?ssl=1\" title=\"choose-us-img3.png\" alt=\"choose-us-img3.png\" loading=\"lazy\" \/>\t\t<\/div>\n\t\t<div class=\"icon-box-content\">\n\t\t\t\t\t\t\t<h4 class=\"icon-box-title iq-heading-title\">\n\t\t\t\t\t<a >\n\t\t\t\t\t\tA young, creative team.\t\t\t\t\t<\/a>\n\t\t\t\t<\/h4>\n\t\t\t\t\t\t\t\t\t\t<p class=\"icon-box-desc\"> Join our team \u2013 a highly motivated crew with a fresh, open culture based on mutual respect, friendly communication, and plenty of room for personal and professional growth. <\/p>\n\t\t\t\t\t\t\t\t<\/div>\n\t<\/div>\n\t\t\t\t<\/div>\n\t\t\t\t<\/div>\n\t\t\t\t<\/div>\n\t\t<div class=\"elementor-element elementor-element-f6b9880 e-con-full e-flex e-con e-child\" data-id=\"f6b9880\" data-element_type=\"container\" data-e-type=\"container\">\n\t\t\t\t<div class=\"hf-elementor-layout elementor-element elementor-element-e216040 elementor-widget elementor-widget-iqonic_icon_box\" data-id=\"e216040\" data-element_type=\"widget\" data-e-type=\"widget\" data-widget_type=\"iqonic_icon_box.default\">\n\t\t\t\t<div class=\"elementor-widget-container\">\n\t\t\t\t\t\n\t<div class=\"iq-icon-box iq-icon-box-style-3\">\n\t\t<div class=\"icon-box-img pulse-shrink-on-hover\">\n\t\t\t<img data-recalc-dims=\"1\" decoding=\"async\" src=\"https:\/\/i0.wp.com\/drvet.si\/wp-content\/uploads\/2025\/04\/choose-us-img4.png?ssl=1\" title=\"choose-us-img4.png\" alt=\"choose-us-img4.png\" loading=\"lazy\" \/>\t\t<\/div>\n\t\t<div class=\"icon-box-content\">\n\t\t\t\t\t\t\t<h4 class=\"icon-box-title iq-heading-title\">\n\t\t\t\t\t<a >\n\t\t\t\t\t\tImpact.\t\t\t\t\t<\/a>\n\t\t\t\t<\/h4>\n\t\t\t\t\t\t\t\t\t\t<p class=\"icon-box-desc\"> Be part of a young, fast-growing startup and help us achieve ambitious goals. Take responsibility and work proactively \u2013 we encourage our team members to constantly look for new ways to go beyond the status quo. We value your work and contribution to our mission, support your career development, and help you become even better at what you do. <\/p>\n\t\t\t\t\t\t\t\t<\/div>\n\t<\/div>\n\t\t\t\t<\/div>\n\t\t\t\t<\/div>\n\t\t\t\t<\/div>\n\t\t<div class=\"elementor-element elementor-element-ac6d3d7 e-con-full e-flex e-con e-child\" data-id=\"ac6d3d7\" data-element_type=\"container\" data-e-type=\"container\">\n\t\t\t\t<div class=\"hf-elementor-layout elementor-element elementor-element-e7aded5 elementor-widget elementor-widget-iqonic_icon_box\" data-id=\"e7aded5\" data-element_type=\"widget\" data-e-type=\"widget\" data-widget_type=\"iqonic_icon_box.default\">\n\t\t\t\t<div class=\"elementor-widget-container\">\n\t\t\t\t\t\n\t<div class=\"iq-icon-box iq-icon-box-style-3\">\n\t\t<div class=\"icon-box-img pulse-shrink-on-hover\">\n\t\t\t<img data-recalc-dims=\"1\" decoding=\"async\" src=\"https:\/\/i0.wp.com\/drvet.si\/wp-content\/uploads\/2025\/04\/choose-us-img2.png?ssl=1\" title=\"choose-us-img2.png\" alt=\"choose-us-img2.png\" loading=\"lazy\" \/>\t\t<\/div>\n\t\t<div class=\"icon-box-content\">\n\t\t\t\t\t\t\t<h4 class=\"icon-box-title iq-heading-title\">\n\t\t\t\t\t<a >\n\t\t\t\t\t\tBecause we feel good.\t\t\t\t\t<\/a>\n\t\t\t\t<\/h4>\n\t\t\t\t\t\t\t\t\t\t<p class=\"icon-box-desc\"> The health and well-being of our team is our top priority. Manage your life with flexible working hours, regular team events, and internal trainings where you\u2019ll connect even more closely with your colleagues. <\/p>\n\t\t\t\t\t\t\t\t<\/div>\n\t<\/div>\n\t\t\t\t<\/div>\n\t\t\t\t<\/div>\n\t\t\t\t<\/div>\n\t\t\t\t<\/div>\n\t\t\t\t\t<\/div>\n\t\t<\/div>\n\t\t\t\t\t<\/div>\n\t\t<\/section>\n\t\t<div class=\"elementor-element elementor-element-31ec365 e-flex e-con-boxed e-con e-parent\" data-id=\"31ec365\" data-element_type=\"container\" data-e-type=\"container\" data-settings=\"{&quot;background_background&quot;:&quot;classic&quot;}\">\n\t\t\t\t\t<div class=\"e-con-inner\">\n\t\t\t\t<div class=\"hf-elementor-layout elementor-element elementor-element-fc2dbe5 elementor-widget elementor-widget-section_title\" data-id=\"fc2dbe5\" data-element_type=\"widget\" data-e-type=\"widget\" data-widget_type=\"section_title.default\">\n\t\t\t\t<div class=\"elementor-widget-container\">\n\t\t\t\t\t\t<div class=\"iq-title-box iq-title-box-1 iq-befor-line\">\n\t\t<div class=\"iq-title-icon\">\n\t\t\t\t\t<\/div>\n\t\t<span class=\"iq-subtitle\">Apply Now<\/span>\n\t\t<h2 class=\"iq-title iq-heading-title\">\n\t\t\tOur Vacancies\t\t<\/h2>\n\t\t\t<\/div>\n\t\t\t\t<\/div>\n\t\t\t\t<\/div>\n\t\t\t\t\t<\/div>\n\t\t\t\t<\/div>\n\t\t<div class=\"elementor-element elementor-element-5ddb0a0 e-flex e-con-boxed e-con e-parent\" data-id=\"5ddb0a0\" data-element_type=\"container\" data-e-type=\"container\">\n\t\t\t\t\t<div class=\"e-con-inner\">\n\t\t<div class=\"elementor-element elementor-element-49db3dc e-con-full e-flex e-con e-child\" data-id=\"49db3dc\" data-element_type=\"container\" data-e-type=\"container\">\n\t\t\t\t<div class=\"hf-elementor-layout elementor-element elementor-element-95809c3 elementor-widget elementor-widget-section_title\" data-id=\"95809c3\" data-element_type=\"widget\" data-e-type=\"widget\" data-widget_type=\"section_title.default\">\n\t\t\t\t<div class=\"elementor-widget-container\">\n\t\t\t\t\t\t<div class=\"iq-title-box iq-title-box-1 iq-befor-line\">\n\t\t<div class=\"iq-title-icon\">\n\t\t\t\t\t<\/div>\n\t\t<span class=\"iq-subtitle\">Full Time<\/span>\n\t\t<h2 class=\"iq-title iq-heading-title\">\n\t\t\tDr. Veterinary Medicine (m\/f\/d)\t\t<\/h2>\n\t\t\t<\/div>\n\t\t\t\t<\/div>\n\t\t\t\t<\/div>\n\t\t\t\t<div class=\"hf-elementor-layout elementor-element elementor-element-b75150f elementor-widget elementor-widget-text-editor\" data-id=\"b75150f\" data-element_type=\"widget\" data-e-type=\"widget\" data-widget_type=\"text-editor.default\">\n\t\t\t\t<div class=\"elementor-widget-container\">\n\t\t\t\t\t\t\t\t\t<p>No longer accepting applications<\/p>\t\t\t\t\t\t\t\t<\/div>\n\t\t\t\t<\/div>\n\t\t\t\t<\/div>\n\t\t<div class=\"elementor-element elementor-element-730344c e-con-full e-flex e-con e-child\" data-id=\"730344c\" data-element_type=\"container\" data-e-type=\"container\">\n\t\t\t\t<div class=\"hf-elementor-layout elementor-element elementor-element-109a0f4 elementor-widget elementor-widget-section_title\" data-id=\"109a0f4\" data-element_type=\"widget\" data-e-type=\"widget\" data-widget_type=\"section_title.default\">\n\t\t\t\t<div class=\"elementor-widget-container\">\n\t\t\t\t\t\t<div class=\"iq-title-box iq-title-box-1 iq-befor-line\">\n\t\t<div class=\"iq-title-icon\">\n\t\t\t\t\t<\/div>\n\t\t<span class=\"iq-subtitle\">Full Time<\/span>\n\t\t<h2 class=\"iq-title iq-heading-title\">\n\t\t\tVeterinary Technician (m\/f\/d)\t\t<\/h2>\n\t\t\t<\/div>\n\t\t\t\t<\/div>\n\t\t\t\t<\/div>\n\t\t\t\t<div class=\"hf-elementor-layout elementor-element elementor-element-f92a1fd elementor-widget elementor-widget-text-editor\" data-id=\"f92a1fd\" data-element_type=\"widget\" data-e-type=\"widget\" data-widget_type=\"text-editor.default\">\n\t\t\t\t<div class=\"elementor-widget-container\">\n\t\t\t\t\t\t\t\t\t<p>No longer accepting applications<\/p>\t\t\t\t\t\t\t\t<\/div>\n\t\t\t\t<\/div>\n\t\t\t\t<\/div>\n\t\t\t\t\t<\/div>\n\t\t\t\t<\/div>\n\t\t\t\t<\/div>","protected":false},"excerpt":{"rendered":"<p>Dr.Vet Pridru\u017ei se nam Obo\u017euje\u0161 pse in ma\u010dke in si \u017eeli\u0161 revolucionarno izbolj\u0161ati njihovo zdravstveno oskrbo? Potem si na pravem mestu! Skupaj s sodelavci oblikujemo veterinarsko oskrbo prihodnosti \u2013 s poudarkom na zadovoljstvu zaposlenih, \u0161tirino\u017enih pacientov, digitalnih inovacijah in izjemni uporabni\u0161ki izku\u0161nji za lastnike \u017eivali. Ne \u017eeli\u0161 zgolj sodelovati, ampak resni\u010dno kaj spremeniti? Postani del [&hellip;]<\/p>\n","protected":false},"author":265238223,"featured_media":0,"parent":0,"menu_order":0,"comment_status":"closed","ping_status":"closed","template":"","meta":{"_acf_changed":false,"advanced_seo_description":"","jetpack_seo_html_title":"","jetpack_seo_noindex":false,"footnotes":""},"class_list":["post-39448","page","type-page","status-publish","hentry"],"acf":[],"jetpack_likes_enabled":true,"jetpack_sharing_enabled":true,"jetpack_shortlink":"https:\/\/wp.me\/Pgv9k6-agg","_links":{"self":[{"href":"https:\/\/drvet.si\/en\/wp-json\/wp\/v2\/pages\/39448","targetHints":{"allow":["GET"]}}],"collection":[{"href":"https:\/\/drvet.si\/en\/wp-json\/wp\/v2\/pages"}],"about":[{"href":"https:\/\/drvet.si\/en\/wp-json\/wp\/v2\/types\/page"}],"author":[{"embeddable":true,"href":"https:\/\/drvet.si\/en\/wp-json\/wp\/v2\/users\/265238223"}],"replies":[{"embeddable":true,"href":"https:\/\/drvet.si\/en\/wp-json\/wp\/v2\/comments?post=39448"}],"version-history":[{"count":60,"href":"https:\/\/drvet.si\/en\/wp-json\/wp\/v2\/pages\/39448\/revisions"}],"predecessor-version":[{"id":39958,"href":"https:\/\/drvet.si\/en\/wp-json\/wp\/v2\/pages\/39448\/revisions\/39958"}],"wp:attachment":[{"href":"https:\/\/drvet.si\/en\/wp-json\/wp\/v2\/media?parent=39448"}],"curies":[{"name":"wp","href":"https:\/\/api.w.org\/{rel}","templated":true}]}}